{"id":123,"date":"2021-02-28T17:49:34","date_gmt":"2021-02-28T17:49:34","guid":{"rendered":"https:\/\/equine-performance.de\/?page_id=123"},"modified":"2022-01-20T17:42:14","modified_gmt":"2022-01-20T17:42:14","slug":"ueber-uns","status":"publish","type":"page","link":"https:\/\/equine-performance.de\/it\/ueber-uns\/","title":{"rendered":"Su di noi"},"content":{"rendered":"<div data-elementor-type=\"wp-page\" data-elementor-id=\"123\" class=\"elementor elementor-123\" data-elementor-post-type=\"page\">\n\t\t\t\t\t\t<section class=\"elementor-section elementor-top-section elementor-element elementor-element-53cad35 elementor-section-boxed elementor-section-height-default elementor-section-height-default\" data-id=\"53cad35\" data-element_type=\"section\">\n\t\t\t\t\t\t<div class=\"elementor-container elementor-column-gap-default\">\n\t\t\t\t\t<div class=\"elementor-column elementor-col-100 elementor-top-column elementor-element elementor-element-6f1243f\" data-id=\"6f1243f\" data-element_type=\"column\">\n\t\t\t<div class=\"elementor-widget-wrap elementor-element-populated\">\n\t\t\t\t\t\t<div class=\"elementor-element elementor-element-87e5ee5 elementor-widget elementor-widget-heading\" data-id=\"87e5ee5\" data-element_type=\"widget\" data-widget_type=\"heading.default\">\n\t\t\t\t<div class=\"elementor-widget-container\">\n\t\t\t\t\t<h1 class=\"elementor-heading-title elementor-size-default\">Su di noi<\/h1>\t\t\t\t<\/div>\n\t\t\t\t<\/div>\n\t\t\t\t<div class=\"elementor-element elementor-element-cb7cf25 elementor-widget elementor-widget-image\" data-id=\"cb7cf25\" data-element_type=\"widget\" data-widget_type=\"image.default\">\n\t\t\t\t<div class=\"elementor-widget-container\">\n\t\t\t\t\t\t\t\t\t\t\t\t\t\t\t<img fetchpriority=\"high\" decoding=\"async\" width=\"1024\" height=\"683\" src=\"https:\/\/equine-performance.de\/wp-content\/uploads\/2022\/01\/FSS01711-Bearbeitet-1024x683.jpg\" class=\"attachment-large size-large wp-image-897\" alt=\"\" srcset=\"https:\/\/equine-performance.de\/wp-content\/uploads\/2022\/01\/FSS01711-Bearbeitet-1024x683.jpg 1024w, https:\/\/equine-performance.de\/wp-content\/uploads\/2022\/01\/FSS01711-Bearbeitet-300x200.jpg 300w, https:\/\/equine-performance.de\/wp-content\/uploads\/2022\/01\/FSS01711-Bearbeitet-768x512.jpg 768w, https:\/\/equine-performance.de\/wp-content\/uploads\/2022\/01\/FSS01711-Bearbeitet-1536x1024.jpg 1536w, https:\/\/equine-performance.de\/wp-content\/uploads\/2022\/01\/FSS01711-Bearbeitet-2048x1365.jpg 2048w\" sizes=\"(max-width: 1024px) 100vw, 1024px\" \/>\t\t\t\t\t\t\t\t\t\t\t\t\t\t\t<\/div>\n\t\t\t\t<\/div>\n\t\t\t\t<div class=\"elementor-element elementor-element-92e0891 elementor-widget elementor-widget-text-editor\" data-id=\"92e0891\" data-element_type=\"widget\" data-widget_type=\"text-editor.default\">\n\t\t\t\t<div class=\"elementor-widget-container\">\n\t\t\t\t\t\t\t\t\t<ul><li>Cresciuto a Neuburg an der Donau<\/li><li>1997 \u2013 Importazione della mia cavalla Quarter Horse dagli USA<\/li><li>allevato QH su piccola scala e preparato per i tornei<\/li><li>lavorando come supervisore dell&#039;allevamento per DQHA<\/li><li>Soggiorna negli USA con vari allenatori<\/li><li>Acquisizione di conoscenze attraverso la collaborazione con Bill Horn e Monty Roberts<\/li><li>Introduzione alla sella adatta (Deuber&amp;Partner)<\/li><li>dal 2010 partner premium indipendente per la consulenza professionale, la vendita e la vestibilit\u00e0 delle selle<\/li><li>docente presso <a href=\"http:\/\/www.sgh-schule.de\" target=\"_blank\" rel=\"noopener\">www.sgh-schule.de<\/a> per Fisioterapia (Teoria e pratica della scienza della sella)<\/li><li>Formazione avanzata 2018 presso St\u00fcbben in Svizzera sul tema della costruzione della sella classica, regolazione, imbottitura<\/li><li>formazione continua e aggiornamento presso Deuber&amp;Partner nel campo della selleria (Western&amp;Barocco)<\/li><li>Ulteriore formazione con diversi allenatori e stili di guida<\/li><\/ul>\t\t\t\t\t\t\t\t<\/div>\n\t\t\t\t<\/div>\n\t\t\t\t\t<\/div>\n\t\t<\/div>\n\t\t\t\t\t<\/div>\n\t\t<\/section>\n\t\t\t\t<\/div>","protected":false},"excerpt":{"rendered":"<p>\u00dcber uns Aufgewachsen in Neuburg an der Donau 1997 \u2013 Import meiner Quarter Horse Stute aus den USA im kleinen Rahmen QH gez\u00fcchtet, und f\u00fcr Turniere vorbereitet als Zuchtwart f\u00fcr DQHA t\u00e4tig Aufenthalte in den USA bei diversen Trainern Wissensaneignung durch Arbeiten mit u.a. Bill Horn &amp; Monty Roberts Einstieg in die Sattelanpassung (Deuber&amp;Partner) seid &#8230; <a title=\"Su di noi\" class=\"read-more\" href=\"https:\/\/equine-performance.de\/it\/ueber-uns\/\" aria-label=\"Per saperne di pi\u00f9 su \u00dcber uns\">Leggi tutto<\/a><\/p>","protected":false},"author":1,"featured_media":0,"parent":0,"menu_order":0,"comment_status":"closed","ping_status":"closed","template":"","meta":{"footnotes":""},"class_list":["post-123","page","type-page","status-publish"],"yoast_head":"<!-- This site is optimized with the Yoast SEO plugin v24.1 - https:\/\/yoast.com\/wordpress\/plugins\/seo\/ -->\n<title>\u00dcber uns - Equine Performance<\/title>\n<meta name=\"robots\" content=\"index, follow, max-snippet:-1, max-image-preview:large, max-video-preview:-1\" \/>\n<link rel=\"canonical\" href=\"https:\/\/equine-performance.de\/it\/ueber-uns\/\" \/>\n<meta property=\"og:locale\" content=\"it_IT\" \/>\n<meta property=\"og:type\" content=\"article\" \/>\n<meta property=\"og:title\" content=\"\u00dcber uns - Equine Performance\" \/>\n<meta property=\"og:description\" content=\"\u00dcber uns Aufgewachsen in Neuburg an der Donau 1997 \u2013 Import meiner Quarter Horse Stute aus den USA im kleinen Rahmen QH gez\u00fcchtet, und f\u00fcr Turniere vorbereitet als Zuchtwart f\u00fcr DQHA t\u00e4tig Aufenthalte in den USA bei diversen Trainern Wissensaneignung durch Arbeiten mit u.a. Bill Horn &amp; Monty Roberts Einstieg in die Sattelanpassung (Deuber&amp;Partner) seid ... Leggi tutto\" \/>\n<meta property=\"og:url\" content=\"https:\/\/equine-performance.de\/it\/ueber-uns\/\" \/>\n<meta property=\"og:site_name\" content=\"Equine Performance\" \/>\n<meta property=\"article:publisher\" content=\"https:\/\/www.facebook.com\/pages\/Equine-Performance\/767319599953971\" \/>\n<meta property=\"article:modified_time\" content=\"2022-01-20T17:42:14+00:00\" \/>\n<meta property=\"og:image\" content=\"https:\/\/equine-performance.de\/wp-content\/uploads\/2022\/01\/FSS01711-Bearbeitet-1024x683.jpg\" \/>\n<meta name=\"twitter:card\" content=\"summary_large_image\" \/>\n<meta name=\"twitter:label1\" content=\"Tempo di lettura stimato\" \/>\n\t<meta name=\"twitter:data1\" content=\"1 minuto\" \/>\n<script type=\"application\/ld+json\" class=\"yoast-schema-graph\">{\"@context\":\"https:\/\/schema.org\",\"@graph\":[{\"@type\":\"WebPage\",\"@id\":\"https:\/\/equine-performance.de\/ueber-uns\/\",\"url\":\"https:\/\/equine-performance.de\/ueber-uns\/\",\"name\":\"\u00dcber uns - Equine Performance\",\"isPartOf\":{\"@id\":\"https:\/\/equine-performance.de\/#website\"},\"primaryImageOfPage\":{\"@id\":\"https:\/\/equine-performance.de\/ueber-uns\/#primaryimage\"},\"image\":{\"@id\":\"https:\/\/equine-performance.de\/ueber-uns\/#primaryimage\"},\"thumbnailUrl\":\"https:\/\/equine-performance.de\/wp-content\/uploads\/2022\/01\/FSS01711-Bearbeitet-1024x683.jpg\",\"datePublished\":\"2021-02-28T17:49:34+00:00\",\"dateModified\":\"2022-01-20T17:42:14+00:00\",\"breadcrumb\":{\"@id\":\"https:\/\/equine-performance.de\/ueber-uns\/#breadcrumb\"},\"inLanguage\":\"it-IT\",\"potentialAction\":[{\"@type\":\"ReadAction\",\"target\":[\"https:\/\/equine-performance.de\/ueber-uns\/\"]}]},{\"@type\":\"ImageObject\",\"inLanguage\":\"it-IT\",\"@id\":\"https:\/\/equine-performance.de\/ueber-uns\/#primaryimage\",\"url\":\"https:\/\/equine-performance.de\/wp-content\/uploads\/2022\/01\/FSS01711-Bearbeitet-1024x683.jpg\",\"contentUrl\":\"https:\/\/equine-performance.de\/wp-content\/uploads\/2022\/01\/FSS01711-Bearbeitet-1024x683.jpg\"},{\"@type\":\"BreadcrumbList\",\"@id\":\"https:\/\/equine-performance.de\/ueber-uns\/#breadcrumb\",\"itemListElement\":[{\"@type\":\"ListItem\",\"position\":1,\"name\":\"Startseite\",\"item\":\"https:\/\/equine-performance.de\/\"},{\"@type\":\"ListItem\",\"position\":2,\"name\":\"\u00dcber uns\"}]},{\"@type\":\"WebSite\",\"@id\":\"https:\/\/equine-performance.de\/#website\",\"url\":\"https:\/\/equine-performance.de\/\",\"name\":\"Equine Performance\",\"description\":\"Sattelverkauf &amp; Beratung vor Ort\",\"publisher\":{\"@id\":\"https:\/\/equine-performance.de\/#organization\"},\"potentialAction\":[{\"@type\":\"SearchAction\",\"target\":{\"@type\":\"EntryPoint\",\"urlTemplate\":\"https:\/\/equine-performance.de\/?s={search_term_string}\"},\"query-input\":{\"@type\":\"PropertyValueSpecification\",\"valueRequired\":true,\"valueName\":\"search_term_string\"}}],\"inLanguage\":\"it-IT\"},{\"@type\":\"Organization\",\"@id\":\"https:\/\/equine-performance.de\/#organization\",\"name\":\"Equine Performance - Saddles & Tack\",\"url\":\"https:\/\/equine-performance.de\/\",\"logo\":{\"@type\":\"ImageObject\",\"inLanguage\":\"it-IT\",\"@id\":\"https:\/\/equine-performance.de\/#\/schema\/logo\/image\/\",\"url\":\"https:\/\/equine-performance.de\/wp-content\/uploads\/2021\/03\/Logo.jpg\",\"contentUrl\":\"https:\/\/equine-performance.de\/wp-content\/uploads\/2021\/03\/Logo.jpg\",\"width\":1280,\"height\":1024,\"caption\":\"Equine Performance - Saddles & Tack\"},\"image\":{\"@id\":\"https:\/\/equine-performance.de\/#\/schema\/logo\/image\/\"},\"sameAs\":[\"https:\/\/www.facebook.com\/pages\/Equine-Performance\/767319599953971\"]}]}<\/script>\n<!-- \/ Yoast SEO plugin. -->","yoast_head_json":{"title":"\u00dcber uns - Equine Performance","robots":{"index":"index","follow":"follow","max-snippet":"max-snippet:-1","max-image-preview":"max-image-preview:large","max-video-preview":"max-video-preview:-1"},"canonical":"https:\/\/equine-performance.de\/it\/ueber-uns\/","og_locale":"it_IT","og_type":"article","og_title":"\u00dcber uns - Equine Performance","og_description":"\u00dcber uns Aufgewachsen in Neuburg an der Donau 1997 \u2013 Import meiner Quarter Horse Stute aus den USA im kleinen Rahmen QH gez\u00fcchtet, und f\u00fcr Turniere vorbereitet als Zuchtwart f\u00fcr DQHA t\u00e4tig Aufenthalte in den USA bei diversen Trainern Wissensaneignung durch Arbeiten mit u.a. Bill Horn &amp; Monty Roberts Einstieg in die Sattelanpassung (Deuber&amp;Partner) seid ... Leggi tutto","og_url":"https:\/\/equine-performance.de\/it\/ueber-uns\/","og_site_name":"Equine Performance","article_publisher":"https:\/\/www.facebook.com\/pages\/Equine-Performance\/767319599953971","article_modified_time":"2022-01-20T17:42:14+00:00","og_image":[{"url":"https:\/\/equine-performance.de\/wp-content\/uploads\/2022\/01\/FSS01711-Bearbeitet-1024x683.jpg","type":"","width":"","height":""}],"twitter_card":"summary_large_image","twitter_misc":{"Tempo di lettura stimato":"1 minuto"},"schema":{"@context":"https:\/\/schema.org","@graph":[{"@type":"WebPage","@id":"https:\/\/equine-performance.de\/ueber-uns\/","url":"https:\/\/equine-performance.de\/ueber-uns\/","name":"\u00dcber uns - Equine Performance","isPartOf":{"@id":"https:\/\/equine-performance.de\/#website"},"primaryImageOfPage":{"@id":"https:\/\/equine-performance.de\/ueber-uns\/#primaryimage"},"image":{"@id":"https:\/\/equine-performance.de\/ueber-uns\/#primaryimage"},"thumbnailUrl":"https:\/\/equine-performance.de\/wp-content\/uploads\/2022\/01\/FSS01711-Bearbeitet-1024x683.jpg","datePublished":"2021-02-28T17:49:34+00:00","dateModified":"2022-01-20T17:42:14+00:00","breadcrumb":{"@id":"https:\/\/equine-performance.de\/ueber-uns\/#breadcrumb"},"inLanguage":"it-IT","potentialAction":[{"@type":"ReadAction","target":["https:\/\/equine-performance.de\/ueber-uns\/"]}]},{"@type":"ImageObject","inLanguage":"it-IT","@id":"https:\/\/equine-performance.de\/ueber-uns\/#primaryimage","url":"https:\/\/equine-performance.de\/wp-content\/uploads\/2022\/01\/FSS01711-Bearbeitet-1024x683.jpg","contentUrl":"https:\/\/equine-performance.de\/wp-content\/uploads\/2022\/01\/FSS01711-Bearbeitet-1024x683.jpg"},{"@type":"BreadcrumbList","@id":"https:\/\/equine-performance.de\/ueber-uns\/#breadcrumb","itemListElement":[{"@type":"ListItem","position":1,"name":"Startseite","item":"https:\/\/equine-performance.de\/"},{"@type":"ListItem","position":2,"name":"\u00dcber uns"}]},{"@type":"WebSite","@id":"https:\/\/equine-performance.de\/#website","url":"https:\/\/equine-performance.de\/","name":"Equine Performance","description":"Sattelverkauf &amp; Beratung vor Ort","publisher":{"@id":"https:\/\/equine-performance.de\/#organization"},"potentialAction":[{"@type":"SearchAction","target":{"@type":"EntryPoint","urlTemplate":"https:\/\/equine-performance.de\/?s={search_term_string}"},"query-input":{"@type":"PropertyValueSpecification","valueRequired":true,"valueName":"search_term_string"}}],"inLanguage":"it-IT"},{"@type":"Organization","@id":"https:\/\/equine-performance.de\/#organization","name":"Equine Performance - Saddles & Tack","url":"https:\/\/equine-performance.de\/","logo":{"@type":"ImageObject","inLanguage":"it-IT","@id":"https:\/\/equine-performance.de\/#\/schema\/logo\/image\/","url":"https:\/\/equine-performance.de\/wp-content\/uploads\/2021\/03\/Logo.jpg","contentUrl":"https:\/\/equine-performance.de\/wp-content\/uploads\/2021\/03\/Logo.jpg","width":1280,"height":1024,"caption":"Equine Performance - Saddles & Tack"},"image":{"@id":"https:\/\/equine-performance.de\/#\/schema\/logo\/image\/"},"sameAs":["https:\/\/www.facebook.com\/pages\/Equine-Performance\/767319599953971"]}]}},"_links":{"self":[{"href":"https:\/\/equine-performance.de\/it\/wp-json\/wp\/v2\/pages\/123","targetHints":{"allow":["GET"]}}],"collection":[{"href":"https:\/\/equine-performance.de\/it\/wp-json\/wp\/v2\/pages"}],"about":[{"href":"https:\/\/equine-performance.de\/it\/wp-json\/wp\/v2\/types\/page"}],"author":[{"embeddable":true,"href":"https:\/\/equine-performance.de\/it\/wp-json\/wp\/v2\/users\/1"}],"replies":[{"embeddable":true,"href":"https:\/\/equine-performance.de\/it\/wp-json\/wp\/v2\/comments?post=123"}],"version-history":[{"count":0,"href":"https:\/\/equine-performance.de\/it\/wp-json\/wp\/v2\/pages\/123\/revisions"}],"wp:attachment":[{"href":"https:\/\/equine-performance.de\/it\/wp-json\/wp\/v2\/media?parent=123"}],"curies":[{"name":"wp","href":"https:\/\/api.w.org\/{rel}","templated":true}]}}