{"id":256,"date":"2021-03-17T20:19:31","date_gmt":"2021-03-17T20:19:31","guid":{"rendered":"https:\/\/equine-performance.de\/?page_id=256"},"modified":"2025-02-24T18:11:12","modified_gmt":"2025-02-24T17:11:12","slug":"saettel","status":"publish","type":"page","link":"https:\/\/equine-performance.de\/it\/saettel\/","title":{"rendered":"Selle"},"content":{"rendered":"<div data-elementor-type=\"wp-page\" data-elementor-id=\"256\" class=\"elementor elementor-256\" data-elementor-post-type=\"page\">\n\t\t\t\t\t\t<section class=\"elementor-section elementor-top-section elementor-element elementor-element-63f1b2e elementor-section-boxed elementor-section-height-default elementor-section-height-default\" data-id=\"63f1b2e\" data-element_type=\"section\" data-settings=\"{&quot;background_background&quot;:&quot;classic&quot;}\">\n\t\t\t\t\t\t<div class=\"elementor-container elementor-column-gap-default\">\n\t\t\t\t\t<div class=\"elementor-column elementor-col-50 elementor-top-column elementor-element elementor-element-db39838\" data-id=\"db39838\" data-element_type=\"column\">\n\t\t\t<div class=\"elementor-widget-wrap elementor-element-populated\">\n\t\t\t\t\t\t<div class=\"elementor-element elementor-element-ebdd255 elementor--h-position-center elementor--v-position-middle elementor-arrows-position-inside elementor-pagination-position-inside elementor-widget elementor-widget-slides\" data-id=\"ebdd255\" data-element_type=\"widget\" data-settings=\"{&quot;autoplay_speed&quot;:3000,&quot;navigation&quot;:&quot;both&quot;,&quot;autoplay&quot;:&quot;yes&quot;,&quot;pause_on_hover&quot;:&quot;yes&quot;,&quot;pause_on_interaction&quot;:&quot;yes&quot;,&quot;infinite&quot;:&quot;yes&quot;,&quot;transition&quot;:&quot;slide&quot;,&quot;transition_speed&quot;:500}\" data-widget_type=\"slides.default\">\n\t\t\t\t<div class=\"elementor-widget-container\">\n\t\t\t\t\t\t\t\t\t<div class=\"elementor-swiper\">\n\t\t\t\t\t<div class=\"elementor-slides-wrapper elementor-main-swiper swiper\" role=\"region\" aria-roledescription=\"carousel\" aria-label=\"Slides\" dir=\"ltr\" data-animation=\"fadeInUp\">\n\t\t\t\t<div class=\"swiper-wrapper elementor-slides\">\n\t\t\t\t\t\t\t\t\t\t<div class=\"elementor-repeater-item-4660cce swiper-slide\" role=\"group\" aria-roledescription=\"slide\"><div class=\"swiper-slide-bg\" role=\"img\"><\/div><a class=\"swiper-slide-inner\" href=\"https:\/\/equine-performance.de\/it\/kontakt\/\"><div class=\"swiper-slide-contents\"><div class=\"elementor-slide-heading\">DP Wade<\/div><div  class=\"elementor-button elementor-slide-button elementor-size-sm\">Richiesta di informazioni<\/div><\/div><\/a><\/div><div class=\"elementor-repeater-item-7f944a7 swiper-slide\" role=\"group\" aria-roledescription=\"slide\"><div class=\"swiper-slide-bg\" role=\"img\"><\/div><a class=\"swiper-slide-inner\" href=\"https:\/\/equine-performance.de\/it\/kontakt\/\"><div class=\"swiper-slide-contents\"><div class=\"elementor-slide-heading\">Majestro<\/div><div  class=\"elementor-button elementor-slide-button elementor-size-sm\">Richiesta di informazioni<\/div><\/div><\/a><\/div><div class=\"elementor-repeater-item-7334a3b swiper-slide\" role=\"group\" aria-roledescription=\"slide\"><div class=\"swiper-slide-bg\" role=\"img\"><\/div><a class=\"swiper-slide-inner\" href=\"https:\/\/equine-performance.de\/it\/kontakt\/\"><div class=\"swiper-slide-contents\"><div class=\"elementor-slide-heading\">El Campo<\/div><div  class=\"elementor-button elementor-slide-button elementor-size-sm\">Richiesta di informazioni<\/div><\/div><\/a><\/div><div class=\"elementor-repeater-item-f65e366 swiper-slide\" role=\"group\" aria-roledescription=\"slide\"><div class=\"swiper-slide-bg\" role=\"img\"><\/div><a class=\"swiper-slide-inner\" href=\"https:\/\/equine-performance.de\/it\/kontakt\/\"><div class=\"swiper-slide-contents\"><div class=\"elementor-slide-heading\">El Campo SKL Decor<\/div><div  class=\"elementor-button elementor-slide-button elementor-size-sm\">Richiesta di informazioni<\/div><\/div><\/a><\/div><div class=\"elementor-repeater-item-fb6bf42 swiper-slide\" role=\"group\" aria-roledescription=\"slide\"><div class=\"swiper-slide-bg\" role=\"img\"><\/div><a class=\"swiper-slide-inner\" href=\"https:\/\/equine-performance.de\/it\/kontakt\/\"><div class=\"swiper-slide-contents\"><div class=\"elementor-slide-heading\">SX Vaquero<\/div><div  class=\"elementor-button elementor-slide-button elementor-size-sm\">Richiesta di informazioni<\/div><\/div><\/a><\/div><div class=\"elementor-repeater-item-9b21fbc swiper-slide\" role=\"group\" aria-roledescription=\"slide\"><div class=\"swiper-slide-bg\" role=\"img\"><\/div><a class=\"swiper-slide-inner\" href=\"https:\/\/equine-performance.de\/it\/kontakt\/\"><div class=\"swiper-slide-contents\"><div class=\"elementor-slide-heading\">DP Performance Reiner<\/div><div  class=\"elementor-button elementor-slide-button elementor-size-sm\">Richiesta di informazioni<\/div><\/div><\/a><\/div><div class=\"elementor-repeater-item-263ed1d swiper-slide\" role=\"group\" aria-roledescription=\"slide\"><div class=\"swiper-slide-bg\" role=\"img\"><\/div><a class=\"swiper-slide-inner\" href=\"https:\/\/equine-performance.de\/it\/kontakt\/\"><div class=\"swiper-slide-contents\"><div class=\"elementor-slide-heading\">Ranch Rider<\/div><div  class=\"elementor-button elementor-slide-button elementor-size-sm\">Richiesta di informazioni<\/div><\/div><\/a><\/div><div class=\"elementor-repeater-item-2e9efb7 swiper-slide\" role=\"group\" aria-roledescription=\"slide\"><div class=\"swiper-slide-bg\" role=\"img\"><\/div><a class=\"swiper-slide-inner\" href=\"https:\/\/equine-performance.de\/it\/kontakt\/\"><div class=\"swiper-slide-contents\"><div class=\"elementor-slide-heading\">DP Opus<\/div><div  class=\"elementor-button elementor-slide-button elementor-size-sm\">Richiesta di informazioni<\/div><\/div><\/a><\/div><div class=\"elementor-repeater-item-6da8f5c swiper-slide\" role=\"group\" aria-roledescription=\"slide\"><div class=\"swiper-slide-bg\" role=\"img\"><\/div><a class=\"swiper-slide-inner\" href=\"https:\/\/equine-performance.de\/it\/kontakt\/\"><div class=\"swiper-slide-contents\"><div class=\"elementor-slide-heading\">Impuls SKL<\/div><div  class=\"elementor-button elementor-slide-button elementor-size-sm\">Richiesta di informazioni<\/div><\/div><\/a><\/div><div class=\"elementor-repeater-item-6de5b57 swiper-slide\" role=\"group\" aria-roledescription=\"slide\"><div class=\"swiper-slide-bg\" role=\"img\"><\/div><a class=\"swiper-slide-inner\" href=\"https:\/\/equine-performance.de\/it\/kontakt\/\"><div class=\"swiper-slide-contents\"><div class=\"elementor-slide-heading\">Orl\u00e9on SKL<\/div><div  class=\"elementor-button elementor-slide-button elementor-size-sm\">Richiesta di informazioni<\/div><\/div><\/a><\/div><div class=\"elementor-repeater-item-3387f0e swiper-slide\" role=\"group\" aria-roledescription=\"slide\"><div class=\"swiper-slide-bg\" role=\"img\"><\/div><a class=\"swiper-slide-inner\" href=\"https:\/\/equine-performance.de\/it\/kontakt\/\"><div class=\"swiper-slide-contents\"><div  class=\"elementor-button elementor-slide-button elementor-size-sm\">Richiesta di informazioni<\/div><\/div><\/a><\/div><div class=\"elementor-repeater-item-5485ca2 swiper-slide\" role=\"group\" aria-roledescription=\"slide\"><div class=\"swiper-slide-bg\" role=\"img\"><\/div><a class=\"swiper-slide-inner\" href=\"https:\/\/equine-performance.de\/it\/kontakt\/\"><div class=\"swiper-slide-contents\"><div  class=\"elementor-button elementor-slide-button elementor-size-sm\">Richiesta di informazioni<\/div><\/div><\/a><\/div>\t\t\t\t<\/div>\n\t\t\t\t\t\t\t\t\t\t\t\t\t\t\t<div class=\"swiper-pagination\"><\/div>\n\t\t\t\t\t\t\t\t\t\t\t\t\t\t\t\t<div class=\"elementor-swiper-button elementor-swiper-button-prev\" role=\"button\" tabindex=\"0\" aria-label=\"Previous slide\">\n\t\t\t\t\t\t\t<i aria-hidden=\"true\" class=\"eicon-chevron-left\"><\/i>\t\t\t\t\t\t<\/div>\n\t\t\t\t\t\t<div class=\"elementor-swiper-button elementor-swiper-button-next\" role=\"button\" tabindex=\"0\" aria-label=\"Next slide\">\n\t\t\t\t\t\t\t<i aria-hidden=\"true\" class=\"eicon-chevron-right\"><\/i>\t\t\t\t\t\t<\/div>\n\t\t\t\t\t\t\t\t\t\t\t\t<\/div>\n\t\t\t\t<\/div>\n\t\t\t\t\t\t\t\t<\/div>\n\t\t\t\t<\/div>\n\t\t\t\t\t<\/div>\n\t\t<\/div>\n\t\t\t\t<div class=\"elementor-column elementor-col-50 elementor-top-column elementor-element elementor-element-f8e5099\" data-id=\"f8e5099\" data-element_type=\"column\">\n\t\t\t<div class=\"elementor-widget-wrap elementor-element-populated\">\n\t\t\t\t\t\t<div class=\"elementor-element elementor-element-cd4ab5c elementor-widget elementor-widget-heading\" data-id=\"cd4ab5c\" data-element_type=\"widget\" data-widget_type=\"heading.default\">\n\t\t\t\t<div class=\"elementor-widget-container\">\n\t\t\t\t\t<h1 class=\"elementor-heading-title elementor-size-default\">Selle<\/h1>\t\t\t\t<\/div>\n\t\t\t\t<\/div>\n\t\t\t\t<div class=\"elementor-element elementor-element-f1057f2 elementor-widget elementor-widget-text-editor\" data-id=\"f1057f2\" data-element_type=\"widget\" data-widget_type=\"text-editor.default\">\n\t\t\t\t<div class=\"elementor-widget-container\">\n\t\t\t\t\t\t\t\t\t<ul><li>Partner premium per Deuber &amp; Partner<\/li><li>Selle western per il tempo libero e la competizione<\/li><li>Selle da equitazione da lavoro<\/li><li>Selle barocche<\/li><li>Vendita, consulenza e assistenza di tutte le selle Deuber<\/li><\/ul>\t\t\t\t\t\t\t\t<\/div>\n\t\t\t\t<\/div>\n\t\t\t\t<section class=\"elementor-section elementor-inner-section elementor-element elementor-element-6a3fd27 elementor-section-boxed elementor-section-height-default elementor-section-height-default\" data-id=\"6a3fd27\" data-element_type=\"section\">\n\t\t\t\t\t\t<div class=\"elementor-container elementor-column-gap-default\">\n\t\t\t\t\t<div class=\"elementor-column elementor-col-50 elementor-inner-column elementor-element elementor-element-acb861e\" data-id=\"acb861e\" data-element_type=\"column\">\n\t\t\t<div class=\"elementor-widget-wrap elementor-element-populated\">\n\t\t\t\t\t\t<div class=\"elementor-element elementor-element-f36fc67 elementor-align-center elementor-widget elementor-widget-button\" data-id=\"f36fc67\" data-element_type=\"widget\" data-widget_type=\"button.default\">\n\t\t\t\t<div class=\"elementor-widget-container\">\n\t\t\t\t\t\t\t\t\t<div class=\"elementor-button-wrapper\">\n\t\t\t\t\t<a class=\"elementor-button elementor-button-link elementor-size-sm\" href=\"https:\/\/equine-performance.de\/it\/kontakt\/\">\n\t\t\t\t\t\t<span class=\"elementor-button-content-wrapper\">\n\t\t\t\t\t\t\t\t\t<span class=\"elementor-button-text\">Richiesta di informazioni<\/span>\n\t\t\t\t\t<\/span>\n\t\t\t\t\t<\/a>\n\t\t\t\t<\/div>\n\t\t\t\t\t\t\t\t<\/div>\n\t\t\t\t<\/div>\n\t\t\t\t\t<\/div>\n\t\t<\/div>\n\t\t\t\t<div class=\"elementor-column elementor-col-50 elementor-inner-column elementor-element elementor-element-8eabbc9\" data-id=\"8eabbc9\" data-element_type=\"column\">\n\t\t\t<div class=\"elementor-widget-wrap elementor-element-populated\">\n\t\t\t\t\t\t<div class=\"elementor-element elementor-element-9c8a9d5 elementor-align-center elementor-widget elementor-widget-button\" data-id=\"9c8a9d5\" data-element_type=\"widget\" data-widget_type=\"button.default\">\n\t\t\t\t<div class=\"elementor-widget-container\">\n\t\t\t\t\t\t\t\t\t<div class=\"elementor-button-wrapper\">\n\t\t\t\t\t<a class=\"elementor-button elementor-button-link elementor-size-sm\" href=\"https:\/\/www.deuber.de\/\">\n\t\t\t\t\t\t<span class=\"elementor-button-content-wrapper\">\n\t\t\t\t\t\t\t\t\t<span class=\"elementor-button-text\">Deuber &amp; Partner<\/span>\n\t\t\t\t\t<\/span>\n\t\t\t\t\t<\/a>\n\t\t\t\t<\/div>\n\t\t\t\t\t\t\t\t<\/div>\n\t\t\t\t<\/div>\n\t\t\t\t\t<\/div>\n\t\t<\/div>\n\t\t\t\t\t<\/div>\n\t\t<\/section>\n\t\t\t\t\t<\/div>\n\t\t<\/div>\n\t\t\t\t\t<\/div>\n\t\t<\/section>\n\t\t\t\t<\/div>","protected":false},"excerpt":{"rendered":"<p>DP WadeAnfrageMajestroAnfrageEl CampoAnfrageEl Campo SKL DecorAnfrageSX VaqueroAnfrageDP Performance ReinerAnfrageRanch RiderAnfrageDP OpusAnfrageImpuls SKLAnfrageOrl\u00e9on SKLAnfrageAnfrageAnfrage S\u00e4ttel Premiumpartner f\u00fcr Deuber &amp; Partner Westerns\u00e4ttel f\u00fcr Freizeit und Turnier Working Equitation S\u00e4ttel Barock S\u00e4ttel Verkauf, Beratung und Service aller Deuber S\u00e4ttel Anfrage Deuber &#038; Partner<\/p>","protected":false},"author":1,"featured_media":0,"parent":0,"menu_order":0,"comment_status":"closed","ping_status":"closed","template":"","meta":{"footnotes":""},"class_list":["post-256","page","type-page","status-publish"],"yoast_head":"<!-- This site is optimized with the Yoast SEO plugin v24.1 - https:\/\/yoast.com\/wordpress\/plugins\/seo\/ -->\n<title>S\u00e4ttel - Equine Performance<\/title>\n<meta name=\"robots\" content=\"index, follow, max-snippet:-1, max-image-preview:large, max-video-preview:-1\" \/>\n<link rel=\"canonical\" href=\"https:\/\/equine-performance.de\/it\/saettel\/\" \/>\n<meta property=\"og:locale\" content=\"it_IT\" \/>\n<meta property=\"og:type\" content=\"article\" \/>\n<meta property=\"og:title\" content=\"S\u00e4ttel - Equine Performance\" \/>\n<meta property=\"og:description\" content=\"DP WadeAnfrageMajestroAnfrageEl CampoAnfrageEl Campo SKL DecorAnfrageSX VaqueroAnfrageDP Performance ReinerAnfrageRanch RiderAnfrageDP OpusAnfrageImpuls SKLAnfrageOrl\u00e9on SKLAnfrageAnfrageAnfrage S\u00e4ttel Premiumpartner f\u00fcr Deuber &amp; Partner Westerns\u00e4ttel f\u00fcr Freizeit und Turnier Working Equitation S\u00e4ttel Barock S\u00e4ttel Verkauf, Beratung und Service aller Deuber S\u00e4ttel Anfrage Deuber &#038; Partner\" \/>\n<meta property=\"og:url\" content=\"https:\/\/equine-performance.de\/it\/saettel\/\" \/>\n<meta property=\"og:site_name\" content=\"Equine Performance\" \/>\n<meta property=\"article:publisher\" content=\"https:\/\/www.facebook.com\/pages\/Equine-Performance\/767319599953971\" \/>\n<meta property=\"article:modified_time\" content=\"2025-02-24T17:11:12+00:00\" \/>\n<meta name=\"twitter:card\" content=\"summary_large_image\" \/>\n<meta name=\"twitter:label1\" content=\"Tempo di lettura stimato\" \/>\n\t<meta name=\"twitter:data1\" content=\"1 minuto\" \/>\n<script type=\"application\/ld+json\" class=\"yoast-schema-graph\">{\"@context\":\"https:\/\/schema.org\",\"@graph\":[{\"@type\":\"WebPage\",\"@id\":\"https:\/\/equine-performance.de\/saettel\/\",\"url\":\"https:\/\/equine-performance.de\/saettel\/\",\"name\":\"S\u00e4ttel - Equine Performance\",\"isPartOf\":{\"@id\":\"https:\/\/equine-performance.de\/#website\"},\"datePublished\":\"2021-03-17T20:19:31+00:00\",\"dateModified\":\"2025-02-24T17:11:12+00:00\",\"breadcrumb\":{\"@id\":\"https:\/\/equine-performance.de\/saettel\/#breadcrumb\"},\"inLanguage\":\"it-IT\",\"potentialAction\":[{\"@type\":\"ReadAction\",\"target\":[\"https:\/\/equine-performance.de\/saettel\/\"]}]},{\"@type\":\"BreadcrumbList\",\"@id\":\"https:\/\/equine-performance.de\/saettel\/#breadcrumb\",\"itemListElement\":[{\"@type\":\"ListItem\",\"position\":1,\"name\":\"Startseite\",\"item\":\"https:\/\/equine-performance.de\/\"},{\"@type\":\"ListItem\",\"position\":2,\"name\":\"S\u00e4ttel\"}]},{\"@type\":\"WebSite\",\"@id\":\"https:\/\/equine-performance.de\/#website\",\"url\":\"https:\/\/equine-performance.de\/\",\"name\":\"Equine Performance\",\"description\":\"Sattelverkauf &amp; Beratung vor Ort\",\"publisher\":{\"@id\":\"https:\/\/equine-performance.de\/#organization\"},\"potentialAction\":[{\"@type\":\"SearchAction\",\"target\":{\"@type\":\"EntryPoint\",\"urlTemplate\":\"https:\/\/equine-performance.de\/?s={search_term_string}\"},\"query-input\":{\"@type\":\"PropertyValueSpecification\",\"valueRequired\":true,\"valueName\":\"search_term_string\"}}],\"inLanguage\":\"it-IT\"},{\"@type\":\"Organization\",\"@id\":\"https:\/\/equine-performance.de\/#organization\",\"name\":\"Equine Performance - Saddles & Tack\",\"url\":\"https:\/\/equine-performance.de\/\",\"logo\":{\"@type\":\"ImageObject\",\"inLanguage\":\"it-IT\",\"@id\":\"https:\/\/equine-performance.de\/#\/schema\/logo\/image\/\",\"url\":\"https:\/\/equine-performance.de\/wp-content\/uploads\/2021\/03\/Logo.jpg\",\"contentUrl\":\"https:\/\/equine-performance.de\/wp-content\/uploads\/2021\/03\/Logo.jpg\",\"width\":1280,\"height\":1024,\"caption\":\"Equine Performance - Saddles & Tack\"},\"image\":{\"@id\":\"https:\/\/equine-performance.de\/#\/schema\/logo\/image\/\"},\"sameAs\":[\"https:\/\/www.facebook.com\/pages\/Equine-Performance\/767319599953971\"]}]}<\/script>\n<!-- \/ Yoast SEO plugin. -->","yoast_head_json":{"title":"S\u00e4ttel - Equine Performance","robots":{"index":"index","follow":"follow","max-snippet":"max-snippet:-1","max-image-preview":"max-image-preview:large","max-video-preview":"max-video-preview:-1"},"canonical":"https:\/\/equine-performance.de\/it\/saettel\/","og_locale":"it_IT","og_type":"article","og_title":"S\u00e4ttel - Equine Performance","og_description":"DP WadeAnfrageMajestroAnfrageEl CampoAnfrageEl Campo SKL DecorAnfrageSX VaqueroAnfrageDP Performance ReinerAnfrageRanch RiderAnfrageDP OpusAnfrageImpuls SKLAnfrageOrl\u00e9on SKLAnfrageAnfrageAnfrage S\u00e4ttel Premiumpartner f\u00fcr Deuber &amp; Partner Westerns\u00e4ttel f\u00fcr Freizeit und Turnier Working Equitation S\u00e4ttel Barock S\u00e4ttel Verkauf, Beratung und Service aller Deuber S\u00e4ttel Anfrage Deuber &#038; Partner","og_url":"https:\/\/equine-performance.de\/it\/saettel\/","og_site_name":"Equine Performance","article_publisher":"https:\/\/www.facebook.com\/pages\/Equine-Performance\/767319599953971","article_modified_time":"2025-02-24T17:11:12+00:00","twitter_card":"summary_large_image","twitter_misc":{"Tempo di lettura stimato":"1 minuto"},"schema":{"@context":"https:\/\/schema.org","@graph":[{"@type":"WebPage","@id":"https:\/\/equine-performance.de\/saettel\/","url":"https:\/\/equine-performance.de\/saettel\/","name":"S\u00e4ttel - Equine Performance","isPartOf":{"@id":"https:\/\/equine-performance.de\/#website"},"datePublished":"2021-03-17T20:19:31+00:00","dateModified":"2025-02-24T17:11:12+00:00","breadcrumb":{"@id":"https:\/\/equine-performance.de\/saettel\/#breadcrumb"},"inLanguage":"it-IT","potentialAction":[{"@type":"ReadAction","target":["https:\/\/equine-performance.de\/saettel\/"]}]},{"@type":"BreadcrumbList","@id":"https:\/\/equine-performance.de\/saettel\/#breadcrumb","itemListElement":[{"@type":"ListItem","position":1,"name":"Startseite","item":"https:\/\/equine-performance.de\/"},{"@type":"ListItem","position":2,"name":"S\u00e4ttel"}]},{"@type":"WebSite","@id":"https:\/\/equine-performance.de\/#website","url":"https:\/\/equine-performance.de\/","name":"Equine Performance","description":"Sattelverkauf &amp; Beratung vor Ort","publisher":{"@id":"https:\/\/equine-performance.de\/#organization"},"potentialAction":[{"@type":"SearchAction","target":{"@type":"EntryPoint","urlTemplate":"https:\/\/equine-performance.de\/?s={search_term_string}"},"query-input":{"@type":"PropertyValueSpecification","valueRequired":true,"valueName":"search_term_string"}}],"inLanguage":"it-IT"},{"@type":"Organization","@id":"https:\/\/equine-performance.de\/#organization","name":"Equine Performance - Saddles & Tack","url":"https:\/\/equine-performance.de\/","logo":{"@type":"ImageObject","inLanguage":"it-IT","@id":"https:\/\/equine-performance.de\/#\/schema\/logo\/image\/","url":"https:\/\/equine-performance.de\/wp-content\/uploads\/2021\/03\/Logo.jpg","contentUrl":"https:\/\/equine-performance.de\/wp-content\/uploads\/2021\/03\/Logo.jpg","width":1280,"height":1024,"caption":"Equine Performance - Saddles & Tack"},"image":{"@id":"https:\/\/equine-performance.de\/#\/schema\/logo\/image\/"},"sameAs":["https:\/\/www.facebook.com\/pages\/Equine-Performance\/767319599953971"]}]}},"_links":{"self":[{"href":"https:\/\/equine-performance.de\/it\/wp-json\/wp\/v2\/pages\/256","targetHints":{"allow":["GET"]}}],"collection":[{"href":"https:\/\/equine-performance.de\/it\/wp-json\/wp\/v2\/pages"}],"about":[{"href":"https:\/\/equine-performance.de\/it\/wp-json\/wp\/v2\/types\/page"}],"author":[{"embeddable":true,"href":"https:\/\/equine-performance.de\/it\/wp-json\/wp\/v2\/users\/1"}],"replies":[{"embeddable":true,"href":"https:\/\/equine-performance.de\/it\/wp-json\/wp\/v2\/comments?post=256"}],"version-history":[{"count":0,"href":"https:\/\/equine-performance.de\/it\/wp-json\/wp\/v2\/pages\/256\/revisions"}],"wp:attachment":[{"href":"https:\/\/equine-performance.de\/it\/wp-json\/wp\/v2\/media?parent=256"}],"curies":[{"name":"wp","href":"https:\/\/api.w.org\/{rel}","templated":true}]}}