{"id":334,"date":"2021-03-25T16:01:18","date_gmt":"2021-03-25T16:01:18","guid":{"rendered":"https:\/\/equine-performance.de\/?page_id=334"},"modified":"2024-04-17T12:59:18","modified_gmt":"2024-04-17T12:59:18","slug":"service","status":"publish","type":"page","link":"https:\/\/equine-performance.de\/it\/service\/","title":{"rendered":"Servizio"},"content":{"rendered":"<div data-elementor-type=\"wp-page\" data-elementor-id=\"334\" class=\"elementor elementor-334\" data-elementor-post-type=\"page\">\n\t\t\t\t\t\t<section class=\"elementor-section elementor-top-section elementor-element elementor-element-ca914d1 elementor-section-boxed elementor-section-height-default elementor-section-height-default\" data-id=\"ca914d1\" data-element_type=\"section\">\n\t\t\t\t\t\t<div class=\"elementor-container elementor-column-gap-default\">\n\t\t\t\t\t<div class=\"elementor-column elementor-col-100 elementor-top-column elementor-element elementor-element-d657728\" data-id=\"d657728\" data-element_type=\"column\">\n\t\t\t<div class=\"elementor-widget-wrap elementor-element-populated\">\n\t\t\t\t\t\t<div class=\"elementor-element elementor-element-80509a6 elementor-widget elementor-widget-heading\" data-id=\"80509a6\" data-element_type=\"widget\" data-widget_type=\"heading.default\">\n\t\t\t\t<div class=\"elementor-widget-container\">\n\t\t\t\t\t<h1 class=\"elementor-heading-title elementor-size-default\">Servizio<\/h1>\t\t\t\t<\/div>\n\t\t\t\t<\/div>\n\t\t\t\t\t<\/div>\n\t\t<\/div>\n\t\t\t\t\t<\/div>\n\t\t<\/section>\n\t\t\t\t<section class=\"elementor-section elementor-top-section elementor-element elementor-element-88f0c63 elementor-section-boxed elementor-section-height-default elementor-section-height-default\" data-id=\"88f0c63\" data-element_type=\"section\">\n\t\t\t\t\t\t<div class=\"elementor-container elementor-column-gap-default\">\n\t\t\t\t\t<div class=\"elementor-column elementor-col-50 elementor-top-column elementor-element elementor-element-2948894\" data-id=\"2948894\" data-element_type=\"column\">\n\t\t\t<div class=\"elementor-widget-wrap elementor-element-populated\">\n\t\t\t\t\t\t<div class=\"elementor-element elementor-element-4752ef3c elementor-widget elementor-widget-heading\" data-id=\"4752ef3c\" data-element_type=\"widget\" data-widget_type=\"heading.default\">\n\t\t\t\t<div class=\"elementor-widget-container\">\n\t\t\t\t\t<h2 class=\"elementor-heading-title elementor-size-default\">... per la sella<\/h2>\t\t\t\t<\/div>\n\t\t\t\t<\/div>\n\t\t\t\t<div class=\"elementor-element elementor-element-367615f elementor-widget elementor-widget-text-editor\" data-id=\"367615f\" data-element_type=\"widget\" data-widget_type=\"text-editor.default\">\n\t\t\t\t<div class=\"elementor-widget-container\">\n\t\t\t\t\t\t\t\t\t<ul><li class=\"font_8\"><span class=\"color_19\">IMBOTTITURA delle selle classiche<\/span><\/li><li class=\"font_8\"><span class=\"color_19\">Modifica dei sottosella in base alla schiena del cavallo<\/span><\/li><li class=\"font_8\"><span class=\"color_19\">RESTAURO di vecchie selle western apparentemente senza valore<\/span><\/li><li class=\"font_8\">PREZZI per la regolazione della sella incluso il viaggio: 180,- (fino a 100 km)<br \/><em>Se l&#039;appuntamento viene annullato con breve preavviso, dovremo comunque addebitare i costi dovuti alla pianificazione del tour.<\/em><\/li><li class=\"font_8\">PREZZI per il controllo della sella: 180,- (fino a 100 km)<br \/><em>I lavori di tappezzeria comportano costi aggiuntivi a seconda dell&#039;impegno richiesto.<\/em><\/li><\/ul>\t\t\t\t\t\t\t\t<\/div>\n\t\t\t\t<\/div>\n\t\t\t\t\t<\/div>\n\t\t<\/div>\n\t\t\t\t<div class=\"elementor-column elementor-col-50 elementor-top-column elementor-element elementor-element-abbc4f7\" data-id=\"abbc4f7\" data-element_type=\"column\">\n\t\t\t<div class=\"elementor-widget-wrap elementor-element-populated\">\n\t\t\t\t\t\t<div class=\"elementor-element elementor-element-d983350 elementor-widget elementor-widget-heading\" data-id=\"d983350\" data-element_type=\"widget\" data-widget_type=\"heading.default\">\n\t\t\t\t<div class=\"elementor-widget-container\">\n\t\t\t\t\t<h2 class=\"elementor-heading-title elementor-size-default\">...per il cavaliere<\/h2>\t\t\t\t<\/div>\n\t\t\t\t<\/div>\n\t\t\t\t<div class=\"elementor-element elementor-element-85ac18e elementor-widget elementor-widget-text-editor\" data-id=\"85ac18e\" data-element_type=\"widget\" data-widget_type=\"text-editor.default\">\n\t\t\t\t<div class=\"elementor-widget-container\">\n\t\t\t\t\t\t\t\t\t<ul><li class=\"font_8\"><span class=\"color_20\">seminari di sella e adattamento<\/span><\/li><li class=\"font_8\"><span class=\"color_20\">Durata: circa 4 ore<\/span><\/li><li class=\"font_8\"><span class=\"color_20\">controlli della vestibilit\u00e0 della sella<\/span><\/li><\/ul>\t\t\t\t\t\t\t\t<\/div>\n\t\t\t\t<\/div>\n\t\t\t\t\t<\/div>\n\t\t<\/div>\n\t\t\t\t\t<\/div>\n\t\t<\/section>\n\t\t\t\t<section class=\"elementor-section elementor-top-section elementor-element elementor-element-87bf7e4 elementor-section-boxed elementor-section-height-default elementor-section-height-default\" data-id=\"87bf7e4\" data-element_type=\"section\">\n\t\t\t\t\t\t<div class=\"elementor-container elementor-column-gap-default\">\n\t\t\t\t\t<div class=\"elementor-column elementor-col-100 elementor-top-column elementor-element elementor-element-093c59f\" data-id=\"093c59f\" data-element_type=\"column\">\n\t\t\t<div class=\"elementor-widget-wrap elementor-element-populated\">\n\t\t\t\t\t\t<div class=\"elementor-element elementor-element-eb34d2e elementor-widget elementor-widget-gallery\" data-id=\"eb34d2e\" data-element_type=\"widget\" data-settings=\"{&quot;columns&quot;:3,&quot;lazyload&quot;:&quot;yes&quot;,&quot;gallery_layout&quot;:&quot;grid&quot;,&quot;columns_tablet&quot;:2,&quot;columns_mobile&quot;:1,&quot;gap&quot;:{&quot;unit&quot;:&quot;px&quot;,&quot;size&quot;:10,&quot;sizes&quot;:[]},&quot;gap_tablet&quot;:{&quot;unit&quot;:&quot;px&quot;,&quot;size&quot;:10,&quot;sizes&quot;:[]},&quot;gap_mobile&quot;:{&quot;unit&quot;:&quot;px&quot;,&quot;size&quot;:10,&quot;sizes&quot;:[]},&quot;link_to&quot;:&quot;file&quot;,&quot;aspect_ratio&quot;:&quot;3:2&quot;,&quot;overlay_background&quot;:&quot;yes&quot;,&quot;content_hover_animation&quot;:&quot;fade-in&quot;}\" data-widget_type=\"gallery.default\">\n\t\t\t\t<div class=\"elementor-widget-container\">\n\t\t\t\t\t\t\t<div class=\"elementor-gallery__container\">\n\t\t\t\t\t\t\t<a class=\"e-gallery-item elementor-gallery-item elementor-animated-content\" href=\"https:\/\/equine-performance.de\/wp-content\/uploads\/2022\/01\/IMG_2642.jpeg\" data-elementor-open-lightbox=\"yes\" data-elementor-lightbox-slideshow=\"eb34d2e\" data-elementor-lightbox-title=\"IMG_2642\" data-e-action-hash=\"#elementor-action%3Aaction%3Dlightbox%26settings%3DeyJpZCI6OTIyLCJ1cmwiOiJodHRwczpcL1wvZXF1aW5lLXBlcmZvcm1hbmNlLmRlXC93cC1jb250ZW50XC91cGxvYWRzXC8yMDIyXC8wMVwvSU1HXzI2NDIuanBlZyIsInNsaWRlc2hvdyI6ImViMzRkMmUifQ%3D%3D\">\n\t\t\t\t\t<div class=\"e-gallery-image elementor-gallery-item__image\" data-thumbnail=\"https:\/\/equine-performance.de\/wp-content\/uploads\/2022\/01\/IMG_2642-300x298.jpeg\" data-width=\"300\" data-height=\"298\" aria-label=\"\" role=\"img\" ><\/div>\n\t\t\t\t\t\t\t\t\t\t\t<div class=\"elementor-gallery-item__overlay\"><\/div>\n\t\t\t\t\t\t\t\t\t\t\t\t\t\t<\/a>\n\t\t\t\t\t\t\t<a class=\"e-gallery-item elementor-gallery-item elementor-animated-content\" href=\"https:\/\/equine-performance.de\/wp-content\/uploads\/2022\/01\/IMG_9695-scaled.jpeg\" data-elementor-open-lightbox=\"yes\" data-elementor-lightbox-slideshow=\"eb34d2e\" data-elementor-lightbox-title=\"IMG_9695\" data-e-action-hash=\"#elementor-action%3Aaction%3Dlightbox%26settings%3DeyJpZCI6OTIzLCJ1cmwiOiJodHRwczpcL1wvZXF1aW5lLXBlcmZvcm1hbmNlLmRlXC93cC1jb250ZW50XC91cGxvYWRzXC8yMDIyXC8wMVwvSU1HXzk2OTUtc2NhbGVkLmpwZWciLCJzbGlkZXNob3ciOiJlYjM0ZDJlIn0%3D\">\n\t\t\t\t\t<div class=\"e-gallery-image elementor-gallery-item__image\" data-thumbnail=\"https:\/\/equine-performance.de\/wp-content\/uploads\/2022\/01\/IMG_9695-300x225.jpeg\" data-width=\"300\" data-height=\"225\" aria-label=\"\" role=\"img\" ><\/div>\n\t\t\t\t\t\t\t\t\t\t\t<div class=\"elementor-gallery-item__overlay\"><\/div>\n\t\t\t\t\t\t\t\t\t\t\t\t\t\t<\/a>\n\t\t\t\t\t\t\t<a class=\"e-gallery-item elementor-gallery-item elementor-animated-content\" href=\"https:\/\/equine-performance.de\/wp-content\/uploads\/2021\/07\/fullsizeoutput_23d6.jpg\" data-elementor-open-lightbox=\"yes\" data-elementor-lightbox-slideshow=\"eb34d2e\" data-elementor-lightbox-title=\"Service\" data-e-action-hash=\"#elementor-action%3Aaction%3Dlightbox%26settings%3DeyJpZCI6ODc2LCJ1cmwiOiJodHRwczpcL1wvZXF1aW5lLXBlcmZvcm1hbmNlLmRlXC93cC1jb250ZW50XC91cGxvYWRzXC8yMDIxXC8wN1wvZnVsbHNpemVvdXRwdXRfMjNkNi5qcGciLCJzbGlkZXNob3ciOiJlYjM0ZDJlIn0%3D\">\n\t\t\t\t\t<div class=\"e-gallery-image elementor-gallery-item__image\" data-thumbnail=\"https:\/\/equine-performance.de\/wp-content\/uploads\/2021\/07\/fullsizeoutput_23d6-300x257.jpg\" data-width=\"300\" data-height=\"257\" aria-label=\"\" role=\"img\" ><\/div>\n\t\t\t\t\t\t\t\t\t\t\t<div class=\"elementor-gallery-item__overlay\"><\/div>\n\t\t\t\t\t\t\t\t\t\t\t\t\t\t<\/a>\n\t\t\t\t\t<\/div>\n\t\t\t\t\t<\/div>\n\t\t\t\t<\/div>\n\t\t\t\t\t<\/div>\n\t\t<\/div>\n\t\t\t\t\t<\/div>\n\t\t<\/section>\n\t\t\t\t<\/div>","protected":false},"excerpt":{"rendered":"<p>Service &#8230; f\u00fcr den Sattel POLSTERN von klassischen S\u00e4tteln Ver\u00e4nderung der Sattelkissen in Anlehnung an den Pferder\u00fccken RESTAURIERUNG von alten und scheinbar wertlosen Westerns\u00e4tteln PREISE f\u00fcr Sattelanprobe incl. Anfahrt : 180,- (bis 100km)sollte der Termin kurzfristig abgesagt werden m\u00fcssen wir wegen Tourplanung die Kosten trotzdem berechnen. PREISE f\u00fcr Sattelkontrolle: 180,- (bis 100 km)Polsterarbeiten je nach &#8230; <a title=\"Servizio\" class=\"read-more\" href=\"https:\/\/equine-performance.de\/it\/service\/\" aria-label=\"Per saperne di pi\u00f9 su Service\">Leggi tutto<\/a><\/p>","protected":false},"author":1,"featured_media":0,"parent":0,"menu_order":0,"comment_status":"closed","ping_status":"closed","template":"","meta":{"footnotes":""},"class_list":["post-334","page","type-page","status-publish"],"yoast_head":"<!-- This site is optimized with the Yoast SEO plugin v24.1 - https:\/\/yoast.com\/wordpress\/plugins\/seo\/ -->\n<title>Service - Equine Performance<\/title>\n<meta name=\"robots\" content=\"index, follow, max-snippet:-1, max-image-preview:large, max-video-preview:-1\" \/>\n<link rel=\"canonical\" href=\"https:\/\/equine-performance.de\/it\/service\/\" \/>\n<meta property=\"og:locale\" content=\"it_IT\" \/>\n<meta property=\"og:type\" content=\"article\" \/>\n<meta property=\"og:title\" content=\"Service - Equine Performance\" \/>\n<meta property=\"og:description\" content=\"Service &#8230; f\u00fcr den Sattel POLSTERN von klassischen S\u00e4tteln Ver\u00e4nderung der Sattelkissen in Anlehnung an den Pferder\u00fccken RESTAURIERUNG von alten und scheinbar wertlosen Westerns\u00e4tteln PREISE f\u00fcr Sattelanprobe incl. Anfahrt : 180,- (bis 100km)sollte der Termin kurzfristig abgesagt werden m\u00fcssen wir wegen Tourplanung die Kosten trotzdem berechnen. PREISE f\u00fcr Sattelkontrolle: 180,- (bis 100 km)Polsterarbeiten je nach ... Leggi tutto\" \/>\n<meta property=\"og:url\" content=\"https:\/\/equine-performance.de\/it\/service\/\" \/>\n<meta property=\"og:site_name\" content=\"Equine Performance\" \/>\n<meta property=\"article:publisher\" content=\"https:\/\/www.facebook.com\/pages\/Equine-Performance\/767319599953971\" \/>\n<meta property=\"article:modified_time\" content=\"2024-04-17T12:59:18+00:00\" \/>\n<meta name=\"twitter:card\" content=\"summary_large_image\" \/>\n<meta name=\"twitter:label1\" content=\"Tempo di lettura stimato\" \/>\n\t<meta name=\"twitter:data1\" content=\"1 minuto\" \/>\n<script type=\"application\/ld+json\" class=\"yoast-schema-graph\">{\"@context\":\"https:\/\/schema.org\",\"@graph\":[{\"@type\":\"WebPage\",\"@id\":\"https:\/\/equine-performance.de\/service\/\",\"url\":\"https:\/\/equine-performance.de\/service\/\",\"name\":\"Service - Equine Performance\",\"isPartOf\":{\"@id\":\"https:\/\/equine-performance.de\/#website\"},\"datePublished\":\"2021-03-25T16:01:18+00:00\",\"dateModified\":\"2024-04-17T12:59:18+00:00\",\"breadcrumb\":{\"@id\":\"https:\/\/equine-performance.de\/service\/#breadcrumb\"},\"inLanguage\":\"it-IT\",\"potentialAction\":[{\"@type\":\"ReadAction\",\"target\":[\"https:\/\/equine-performance.de\/service\/\"]}]},{\"@type\":\"BreadcrumbList\",\"@id\":\"https:\/\/equine-performance.de\/service\/#breadcrumb\",\"itemListElement\":[{\"@type\":\"ListItem\",\"position\":1,\"name\":\"Startseite\",\"item\":\"https:\/\/equine-performance.de\/\"},{\"@type\":\"ListItem\",\"position\":2,\"name\":\"Service\"}]},{\"@type\":\"WebSite\",\"@id\":\"https:\/\/equine-performance.de\/#website\",\"url\":\"https:\/\/equine-performance.de\/\",\"name\":\"Equine Performance\",\"description\":\"Sattelverkauf &amp; Beratung vor Ort\",\"publisher\":{\"@id\":\"https:\/\/equine-performance.de\/#organization\"},\"potentialAction\":[{\"@type\":\"SearchAction\",\"target\":{\"@type\":\"EntryPoint\",\"urlTemplate\":\"https:\/\/equine-performance.de\/?s={search_term_string}\"},\"query-input\":{\"@type\":\"PropertyValueSpecification\",\"valueRequired\":true,\"valueName\":\"search_term_string\"}}],\"inLanguage\":\"it-IT\"},{\"@type\":\"Organization\",\"@id\":\"https:\/\/equine-performance.de\/#organization\",\"name\":\"Equine Performance - Saddles & Tack\",\"url\":\"https:\/\/equine-performance.de\/\",\"logo\":{\"@type\":\"ImageObject\",\"inLanguage\":\"it-IT\",\"@id\":\"https:\/\/equine-performance.de\/#\/schema\/logo\/image\/\",\"url\":\"https:\/\/equine-performance.de\/wp-content\/uploads\/2021\/03\/Logo.jpg\",\"contentUrl\":\"https:\/\/equine-performance.de\/wp-content\/uploads\/2021\/03\/Logo.jpg\",\"width\":1280,\"height\":1024,\"caption\":\"Equine Performance - Saddles & Tack\"},\"image\":{\"@id\":\"https:\/\/equine-performance.de\/#\/schema\/logo\/image\/\"},\"sameAs\":[\"https:\/\/www.facebook.com\/pages\/Equine-Performance\/767319599953971\"]}]}<\/script>\n<!-- \/ Yoast SEO plugin. -->","yoast_head_json":{"title":"Service - Equine Performance","robots":{"index":"index","follow":"follow","max-snippet":"max-snippet:-1","max-image-preview":"max-image-preview:large","max-video-preview":"max-video-preview:-1"},"canonical":"https:\/\/equine-performance.de\/it\/service\/","og_locale":"it_IT","og_type":"article","og_title":"Service - Equine Performance","og_description":"Service &#8230; f\u00fcr den Sattel POLSTERN von klassischen S\u00e4tteln Ver\u00e4nderung der Sattelkissen in Anlehnung an den Pferder\u00fccken RESTAURIERUNG von alten und scheinbar wertlosen Westerns\u00e4tteln PREISE f\u00fcr Sattelanprobe incl. Anfahrt : 180,- (bis 100km)sollte der Termin kurzfristig abgesagt werden m\u00fcssen wir wegen Tourplanung die Kosten trotzdem berechnen. PREISE f\u00fcr Sattelkontrolle: 180,- (bis 100 km)Polsterarbeiten je nach ... Leggi tutto","og_url":"https:\/\/equine-performance.de\/it\/service\/","og_site_name":"Equine Performance","article_publisher":"https:\/\/www.facebook.com\/pages\/Equine-Performance\/767319599953971","article_modified_time":"2024-04-17T12:59:18+00:00","twitter_card":"summary_large_image","twitter_misc":{"Tempo di lettura stimato":"1 minuto"},"schema":{"@context":"https:\/\/schema.org","@graph":[{"@type":"WebPage","@id":"https:\/\/equine-performance.de\/service\/","url":"https:\/\/equine-performance.de\/service\/","name":"Service - Equine Performance","isPartOf":{"@id":"https:\/\/equine-performance.de\/#website"},"datePublished":"2021-03-25T16:01:18+00:00","dateModified":"2024-04-17T12:59:18+00:00","breadcrumb":{"@id":"https:\/\/equine-performance.de\/service\/#breadcrumb"},"inLanguage":"it-IT","potentialAction":[{"@type":"ReadAction","target":["https:\/\/equine-performance.de\/service\/"]}]},{"@type":"BreadcrumbList","@id":"https:\/\/equine-performance.de\/service\/#breadcrumb","itemListElement":[{"@type":"ListItem","position":1,"name":"Startseite","item":"https:\/\/equine-performance.de\/"},{"@type":"ListItem","position":2,"name":"Service"}]},{"@type":"WebSite","@id":"https:\/\/equine-performance.de\/#website","url":"https:\/\/equine-performance.de\/","name":"Equine Performance","description":"Sattelverkauf &amp; Beratung vor Ort","publisher":{"@id":"https:\/\/equine-performance.de\/#organization"},"potentialAction":[{"@type":"SearchAction","target":{"@type":"EntryPoint","urlTemplate":"https:\/\/equine-performance.de\/?s={search_term_string}"},"query-input":{"@type":"PropertyValueSpecification","valueRequired":true,"valueName":"search_term_string"}}],"inLanguage":"it-IT"},{"@type":"Organization","@id":"https:\/\/equine-performance.de\/#organization","name":"Equine Performance - Saddles & Tack","url":"https:\/\/equine-performance.de\/","logo":{"@type":"ImageObject","inLanguage":"it-IT","@id":"https:\/\/equine-performance.de\/#\/schema\/logo\/image\/","url":"https:\/\/equine-performance.de\/wp-content\/uploads\/2021\/03\/Logo.jpg","contentUrl":"https:\/\/equine-performance.de\/wp-content\/uploads\/2021\/03\/Logo.jpg","width":1280,"height":1024,"caption":"Equine Performance - Saddles & Tack"},"image":{"@id":"https:\/\/equine-performance.de\/#\/schema\/logo\/image\/"},"sameAs":["https:\/\/www.facebook.com\/pages\/Equine-Performance\/767319599953971"]}]}},"_links":{"self":[{"href":"https:\/\/equine-performance.de\/it\/wp-json\/wp\/v2\/pages\/334","targetHints":{"allow":["GET"]}}],"collection":[{"href":"https:\/\/equine-performance.de\/it\/wp-json\/wp\/v2\/pages"}],"about":[{"href":"https:\/\/equine-performance.de\/it\/wp-json\/wp\/v2\/types\/page"}],"author":[{"embeddable":true,"href":"https:\/\/equine-performance.de\/it\/wp-json\/wp\/v2\/users\/1"}],"replies":[{"embeddable":true,"href":"https:\/\/equine-performance.de\/it\/wp-json\/wp\/v2\/comments?post=334"}],"version-history":[{"count":0,"href":"https:\/\/equine-performance.de\/it\/wp-json\/wp\/v2\/pages\/334\/revisions"}],"wp:attachment":[{"href":"https:\/\/equine-performance.de\/it\/wp-json\/wp\/v2\/media?parent=334"}],"curies":[{"name":"wp","href":"https:\/\/api.w.org\/{rel}","templated":true}]}}