{"id":415,"date":"2021-03-28T18:25:13","date_gmt":"2021-03-28T18:25:13","guid":{"rendered":"https:\/\/equine-performance.de\/?page_id=415"},"modified":"2022-03-21T17:14:43","modified_gmt":"2022-03-21T17:14:43","slug":"custom-made","status":"publish","type":"page","link":"https:\/\/equine-performance.de\/it\/custom-made\/","title":{"rendered":"Fatto su misura"},"content":{"rendered":"<div data-elementor-type=\"wp-page\" data-elementor-id=\"415\" class=\"elementor elementor-415\" data-elementor-post-type=\"page\">\n\t\t\t\t\t\t<section class=\"elementor-section elementor-top-section elementor-element elementor-element-d0be1f5 elementor-section-boxed elementor-section-height-default elementor-section-height-default\" data-id=\"d0be1f5\" data-element_type=\"section\">\n\t\t\t\t\t\t<div class=\"elementor-container elementor-column-gap-default\">\n\t\t\t\t\t<div class=\"elementor-column elementor-col-100 elementor-top-column elementor-element elementor-element-4451ac8d\" data-id=\"4451ac8d\" data-element_type=\"column\">\n\t\t\t<div class=\"elementor-widget-wrap elementor-element-populated\">\n\t\t\t\t\t\t<div class=\"elementor-element elementor-element-482dcb9 elementor-widget elementor-widget-heading\" data-id=\"482dcb9\" data-element_type=\"widget\" data-widget_type=\"heading.default\">\n\t\t\t\t<div class=\"elementor-widget-container\">\n\t\t\t\t\t<h1 class=\"elementor-heading-title elementor-size-default\">Fatto su misura<\/h1>\t\t\t\t<\/div>\n\t\t\t\t<\/div>\n\t\t\t\t<div class=\"elementor-element elementor-element-ec9bfe1 elementor-widget elementor-widget-heading\" data-id=\"ec9bfe1\" data-element_type=\"widget\" data-widget_type=\"heading.default\">\n\t\t\t\t<div class=\"elementor-widget-container\">\n\t\t\t\t\t<h4 class=\"elementor-heading-title elementor-size-default\">Su misura significa su richiesta del cliente, il che non significa sempre pi\u00f9 costoso!<\/h4>\t\t\t\t<\/div>\n\t\t\t\t<\/div>\n\t\t\t\t<div class=\"elementor-element elementor-element-044153a elementor-widget elementor-widget-gallery\" data-id=\"044153a\" data-element_type=\"widget\" data-settings=\"{&quot;gallery_layout&quot;:&quot;masonry&quot;,&quot;lazyload&quot;:&quot;yes&quot;,&quot;columns&quot;:4,&quot;columns_tablet&quot;:2,&quot;columns_mobile&quot;:1,&quot;gap&quot;:{&quot;unit&quot;:&quot;px&quot;,&quot;size&quot;:10,&quot;sizes&quot;:[]},&quot;gap_tablet&quot;:{&quot;unit&quot;:&quot;px&quot;,&quot;size&quot;:10,&quot;sizes&quot;:[]},&quot;gap_mobile&quot;:{&quot;unit&quot;:&quot;px&quot;,&quot;size&quot;:10,&quot;sizes&quot;:[]},&quot;link_to&quot;:&quot;file&quot;,&quot;overlay_background&quot;:&quot;yes&quot;,&quot;content_hover_animation&quot;:&quot;fade-in&quot;}\" data-widget_type=\"gallery.default\">\n\t\t\t\t<div class=\"elementor-widget-container\">\n\t\t\t\t\t\t\t<div class=\"elementor-gallery__container\">\n\t\t\t\t\t\t\t<a class=\"e-gallery-item elementor-gallery-item elementor-animated-content\" href=\"https:\/\/equine-performance.de\/wp-content\/uploads\/2021\/04\/Sonderanfertigung-1-scaled.jpg\" data-elementor-open-lightbox=\"yes\" data-elementor-lightbox-slideshow=\"044153a\" data-elementor-lightbox-title=\"Sonderanfertigung-1\" data-e-action-hash=\"#elementor-action%3Aaction%3Dlightbox%26settings%3DeyJpZCI6NTM1LCJ1cmwiOiJodHRwczpcL1wvZXF1aW5lLXBlcmZvcm1hbmNlLmRlXC93cC1jb250ZW50XC91cGxvYWRzXC8yMDIxXC8wNFwvU29uZGVyYW5mZXJ0aWd1bmctMS1zY2FsZWQuanBnIiwic2xpZGVzaG93IjoiMDQ0MTUzYSJ9\">\n\t\t\t\t\t<div class=\"e-gallery-image elementor-gallery-item__image\" data-thumbnail=\"https:\/\/equine-performance.de\/wp-content\/uploads\/2021\/04\/Sonderanfertigung-1-scaled.jpg\" data-width=\"1920\" data-height=\"2560\" aria-label=\"\" role=\"img\" ><\/div>\n\t\t\t\t\t\t\t\t\t\t\t<div class=\"elementor-gallery-item__overlay\"><\/div>\n\t\t\t\t\t\t\t\t\t\t\t\t\t\t<\/a>\n\t\t\t\t\t\t\t<a class=\"e-gallery-item elementor-gallery-item elementor-animated-content\" href=\"https:\/\/equine-performance.de\/wp-content\/uploads\/2021\/04\/Sonderanfertigung-2.jpg\" data-elementor-open-lightbox=\"yes\" data-elementor-lightbox-slideshow=\"044153a\" data-elementor-lightbox-title=\"Sonderanfertigung-2\" data-e-action-hash=\"#elementor-action%3Aaction%3Dlightbox%26settings%3DeyJpZCI6NTM0LCJ1cmwiOiJodHRwczpcL1wvZXF1aW5lLXBlcmZvcm1hbmNlLmRlXC93cC1jb250ZW50XC91cGxvYWRzXC8yMDIxXC8wNFwvU29uZGVyYW5mZXJ0aWd1bmctMi5qcGciLCJzbGlkZXNob3ciOiIwNDQxNTNhIn0%3D\">\n\t\t\t\t\t<div class=\"e-gallery-image elementor-gallery-item__image\" data-thumbnail=\"https:\/\/equine-performance.de\/wp-content\/uploads\/2021\/04\/Sonderanfertigung-2.jpg\" data-width=\"1600\" data-height=\"1200\" aria-label=\"\" role=\"img\" ><\/div>\n\t\t\t\t\t\t\t\t\t\t\t<div class=\"elementor-gallery-item__overlay\"><\/div>\n\t\t\t\t\t\t\t\t\t\t\t\t\t\t<\/a>\n\t\t\t\t\t\t\t<a class=\"e-gallery-item elementor-gallery-item elementor-animated-content\" href=\"https:\/\/equine-performance.de\/wp-content\/uploads\/2021\/04\/Sonderanfertigung-4.jpg\" data-elementor-open-lightbox=\"yes\" data-elementor-lightbox-slideshow=\"044153a\" data-elementor-lightbox-title=\"Sonderanfertigung-4\" data-e-action-hash=\"#elementor-action%3Aaction%3Dlightbox%26settings%3DeyJpZCI6NTMwLCJ1cmwiOiJodHRwczpcL1wvZXF1aW5lLXBlcmZvcm1hbmNlLmRlXC93cC1jb250ZW50XC91cGxvYWRzXC8yMDIxXC8wNFwvU29uZGVyYW5mZXJ0aWd1bmctNC5qcGciLCJzbGlkZXNob3ciOiIwNDQxNTNhIn0%3D\">\n\t\t\t\t\t<div class=\"e-gallery-image elementor-gallery-item__image\" data-thumbnail=\"https:\/\/equine-performance.de\/wp-content\/uploads\/2021\/04\/Sonderanfertigung-4.jpg\" data-width=\"1125\" data-height=\"1370\" aria-label=\"\" role=\"img\" ><\/div>\n\t\t\t\t\t\t\t\t\t\t\t<div class=\"elementor-gallery-item__overlay\"><\/div>\n\t\t\t\t\t\t\t\t\t\t\t\t\t\t<\/a>\n\t\t\t\t\t\t\t<a class=\"e-gallery-item elementor-gallery-item elementor-animated-content\" href=\"https:\/\/equine-performance.de\/wp-content\/uploads\/2021\/04\/Sonderanfertigung-3.jpeg\" data-elementor-open-lightbox=\"yes\" data-elementor-lightbox-slideshow=\"044153a\" data-elementor-lightbox-title=\"Sonderanfertigung-3\" data-e-action-hash=\"#elementor-action%3Aaction%3Dlightbox%26settings%3DeyJpZCI6NTI5LCJ1cmwiOiJodHRwczpcL1wvZXF1aW5lLXBlcmZvcm1hbmNlLmRlXC93cC1jb250ZW50XC91cGxvYWRzXC8yMDIxXC8wNFwvU29uZGVyYW5mZXJ0aWd1bmctMy5qcGVnIiwic2xpZGVzaG93IjoiMDQ0MTUzYSJ9\">\n\t\t\t\t\t<div class=\"e-gallery-image elementor-gallery-item__image\" data-thumbnail=\"https:\/\/equine-performance.de\/wp-content\/uploads\/2021\/04\/Sonderanfertigung-3.jpeg\" data-width=\"324\" data-height=\"373\" aria-label=\"\" role=\"img\" ><\/div>\n\t\t\t\t\t\t\t\t\t\t\t<div class=\"elementor-gallery-item__overlay\"><\/div>\n\t\t\t\t\t\t\t\t\t\t\t\t\t\t<\/a>\n\t\t\t\t\t\t\t<a class=\"e-gallery-item elementor-gallery-item elementor-animated-content\" href=\"https:\/\/equine-performance.de\/wp-content\/uploads\/2022\/03\/476B80C6-F58C-44AE-8DE2-DEE4C87C5D73.png\" data-elementor-open-lightbox=\"yes\" data-elementor-lightbox-slideshow=\"044153a\" data-elementor-lightbox-title=\"476B80C6-F58C-44AE-8DE2-DEE4C87C5D73\" data-e-action-hash=\"#elementor-action%3Aaction%3Dlightbox%26settings%3DeyJpZCI6MTA3NywidXJsIjoiaHR0cHM6XC9cL2VxdWluZS1wZXJmb3JtYW5jZS5kZVwvd3AtY29udGVudFwvdXBsb2Fkc1wvMjAyMlwvMDNcLzQ3NkI4MEM2LUY1OEMtNDRBRS04REUyLURFRTRDODdDNUQ3My5wbmciLCJzbGlkZXNob3ciOiIwNDQxNTNhIn0%3D\">\n\t\t\t\t\t<div class=\"e-gallery-image elementor-gallery-item__image\" data-thumbnail=\"https:\/\/equine-performance.de\/wp-content\/uploads\/2022\/03\/476B80C6-F58C-44AE-8DE2-DEE4C87C5D73.png\" data-width=\"3024\" data-height=\"4032\" aria-label=\"\" role=\"img\" ><\/div>\n\t\t\t\t\t\t\t\t\t\t\t<div class=\"elementor-gallery-item__overlay\"><\/div>\n\t\t\t\t\t\t\t\t\t\t\t\t\t\t<\/a>\n\t\t\t\t\t<\/div>\n\t\t\t\t\t<\/div>\n\t\t\t\t<\/div>\n\t\t\t\t<div class=\"elementor-element elementor-element-4de16318 elementor-widget elementor-widget-text-editor\" data-id=\"4de16318\" data-element_type=\"widget\" data-widget_type=\"text-editor.default\">\n\t\t\t\t<div class=\"elementor-widget-container\">\n\t\t\t\t\t\t\t\t\t<p>Il cliente pu\u00f2 progettare individualmente la sella che desidera, che pu\u00f2 poi essere adattata al cavallo e al cavaliere.<br \/>Misure speciali per selle western per cavalli a sangue freddo con larghezza della camera 4-5.<\/p>\t\t\t\t\t\t\t\t<\/div>\n\t\t\t\t<\/div>\n\t\t\t\t<div class=\"elementor-element elementor-element-90a55bc elementor-align-center elementor-widget elementor-widget-button\" data-id=\"90a55bc\" data-element_type=\"widget\" data-widget_type=\"button.default\">\n\t\t\t\t<div class=\"elementor-widget-container\">\n\t\t\t\t\t\t\t\t\t<div class=\"elementor-button-wrapper\">\n\t\t\t\t\t<a class=\"elementor-button elementor-button-link elementor-size-sm\" href=\"https:\/\/equine-performance.de\/it\/kontakt\/\">\n\t\t\t\t\t\t<span class=\"elementor-button-content-wrapper\">\n\t\t\t\t\t\t\t\t\t<span class=\"elementor-button-text\">Richiesta di informazioni<\/span>\n\t\t\t\t\t<\/span>\n\t\t\t\t\t<\/a>\n\t\t\t\t<\/div>\n\t\t\t\t\t\t\t\t<\/div>\n\t\t\t\t<\/div>\n\t\t\t\t\t<\/div>\n\t\t<\/div>\n\t\t\t\t\t<\/div>\n\t\t<\/section>\n\t\t\t\t<section class=\"elementor-section elementor-top-section elementor-element elementor-element-411e03e elementor-hidden-phone elementor-section-boxed elementor-section-height-default elementor-section-height-default\" data-id=\"411e03e\" data-element_type=\"section\">\n\t\t\t\t\t\t<div class=\"elementor-container elementor-column-gap-default\">\n\t\t\t\t\t<div class=\"elementor-column elementor-col-100 elementor-top-column elementor-element elementor-element-63fa6d8\" data-id=\"63fa6d8\" data-element_type=\"column\">\n\t\t\t<div class=\"elementor-widget-wrap\">\n\t\t\t\t\t\t\t<\/div>\n\t\t<\/div>\n\t\t\t\t\t<\/div>\n\t\t<\/section>\n\t\t\t\t<\/div>","protected":false},"excerpt":{"rendered":"<p>Custom Made Custom Made hei\u00dft auf Kundenwunsch, was nicht immer teurer hei\u00dft! Der Kunde kann hier individuell seinen Wunschsattel gestalten, der dann auf Pferd und Reiter abgestimmt werden kannSondergr\u00f6\u00dfen bei Western S\u00e4ttel f\u00fcr Kaltbl\u00fcter in Kammerweit 4-5 Anfrage<\/p>","protected":false},"author":1,"featured_media":0,"parent":0,"menu_order":0,"comment_status":"closed","ping_status":"closed","template":"","meta":{"footnotes":""},"class_list":["post-415","page","type-page","status-publish"],"yoast_head":"<!-- This site is optimized with the Yoast SEO plugin v24.1 - https:\/\/yoast.com\/wordpress\/plugins\/seo\/ -->\n<title>Custom Made - Equine Performance<\/title>\n<meta name=\"robots\" content=\"index, follow, max-snippet:-1, max-image-preview:large, max-video-preview:-1\" \/>\n<link rel=\"canonical\" href=\"https:\/\/equine-performance.de\/it\/custom-made\/\" \/>\n<meta property=\"og:locale\" content=\"it_IT\" \/>\n<meta property=\"og:type\" content=\"article\" \/>\n<meta property=\"og:title\" content=\"Custom Made - Equine Performance\" \/>\n<meta property=\"og:description\" content=\"Custom Made Custom Made hei\u00dft auf Kundenwunsch, was nicht immer teurer hei\u00dft! Der Kunde kann hier individuell seinen Wunschsattel gestalten, der dann auf Pferd und Reiter abgestimmt werden kannSondergr\u00f6\u00dfen bei Western S\u00e4ttel f\u00fcr Kaltbl\u00fcter in Kammerweit 4-5 Anfrage\" \/>\n<meta property=\"og:url\" content=\"https:\/\/equine-performance.de\/it\/custom-made\/\" \/>\n<meta property=\"og:site_name\" content=\"Equine Performance\" \/>\n<meta property=\"article:publisher\" content=\"https:\/\/www.facebook.com\/pages\/Equine-Performance\/767319599953971\" \/>\n<meta property=\"article:modified_time\" content=\"2022-03-21T17:14:43+00:00\" \/>\n<meta name=\"twitter:card\" content=\"summary_large_image\" \/>\n<script type=\"application\/ld+json\" class=\"yoast-schema-graph\">{\"@context\":\"https:\/\/schema.org\",\"@graph\":[{\"@type\":\"WebPage\",\"@id\":\"https:\/\/equine-performance.de\/custom-made\/\",\"url\":\"https:\/\/equine-performance.de\/custom-made\/\",\"name\":\"Custom Made - Equine Performance\",\"isPartOf\":{\"@id\":\"https:\/\/equine-performance.de\/#website\"},\"datePublished\":\"2021-03-28T18:25:13+00:00\",\"dateModified\":\"2022-03-21T17:14:43+00:00\",\"breadcrumb\":{\"@id\":\"https:\/\/equine-performance.de\/custom-made\/#breadcrumb\"},\"inLanguage\":\"it-IT\",\"potentialAction\":[{\"@type\":\"ReadAction\",\"target\":[\"https:\/\/equine-performance.de\/custom-made\/\"]}]},{\"@type\":\"BreadcrumbList\",\"@id\":\"https:\/\/equine-performance.de\/custom-made\/#breadcrumb\",\"itemListElement\":[{\"@type\":\"ListItem\",\"position\":1,\"name\":\"Startseite\",\"item\":\"https:\/\/equine-performance.de\/\"},{\"@type\":\"ListItem\",\"position\":2,\"name\":\"Custom Made\"}]},{\"@type\":\"WebSite\",\"@id\":\"https:\/\/equine-performance.de\/#website\",\"url\":\"https:\/\/equine-performance.de\/\",\"name\":\"Equine Performance\",\"description\":\"Sattelverkauf &amp; Beratung vor Ort\",\"publisher\":{\"@id\":\"https:\/\/equine-performance.de\/#organization\"},\"potentialAction\":[{\"@type\":\"SearchAction\",\"target\":{\"@type\":\"EntryPoint\",\"urlTemplate\":\"https:\/\/equine-performance.de\/?s={search_term_string}\"},\"query-input\":{\"@type\":\"PropertyValueSpecification\",\"valueRequired\":true,\"valueName\":\"search_term_string\"}}],\"inLanguage\":\"it-IT\"},{\"@type\":\"Organization\",\"@id\":\"https:\/\/equine-performance.de\/#organization\",\"name\":\"Equine Performance - Saddles & Tack\",\"url\":\"https:\/\/equine-performance.de\/\",\"logo\":{\"@type\":\"ImageObject\",\"inLanguage\":\"it-IT\",\"@id\":\"https:\/\/equine-performance.de\/#\/schema\/logo\/image\/\",\"url\":\"https:\/\/equine-performance.de\/wp-content\/uploads\/2021\/03\/Logo.jpg\",\"contentUrl\":\"https:\/\/equine-performance.de\/wp-content\/uploads\/2021\/03\/Logo.jpg\",\"width\":1280,\"height\":1024,\"caption\":\"Equine Performance - Saddles & Tack\"},\"image\":{\"@id\":\"https:\/\/equine-performance.de\/#\/schema\/logo\/image\/\"},\"sameAs\":[\"https:\/\/www.facebook.com\/pages\/Equine-Performance\/767319599953971\"]}]}<\/script>\n<!-- \/ Yoast SEO plugin. -->","yoast_head_json":{"title":"Custom Made - Equine Performance","robots":{"index":"index","follow":"follow","max-snippet":"max-snippet:-1","max-image-preview":"max-image-preview:large","max-video-preview":"max-video-preview:-1"},"canonical":"https:\/\/equine-performance.de\/it\/custom-made\/","og_locale":"it_IT","og_type":"article","og_title":"Custom Made - Equine Performance","og_description":"Custom Made Custom Made hei\u00dft auf Kundenwunsch, was nicht immer teurer hei\u00dft! Der Kunde kann hier individuell seinen Wunschsattel gestalten, der dann auf Pferd und Reiter abgestimmt werden kannSondergr\u00f6\u00dfen bei Western S\u00e4ttel f\u00fcr Kaltbl\u00fcter in Kammerweit 4-5 Anfrage","og_url":"https:\/\/equine-performance.de\/it\/custom-made\/","og_site_name":"Equine Performance","article_publisher":"https:\/\/www.facebook.com\/pages\/Equine-Performance\/767319599953971","article_modified_time":"2022-03-21T17:14:43+00:00","twitter_card":"summary_large_image","schema":{"@context":"https:\/\/schema.org","@graph":[{"@type":"WebPage","@id":"https:\/\/equine-performance.de\/custom-made\/","url":"https:\/\/equine-performance.de\/custom-made\/","name":"Custom Made - Equine Performance","isPartOf":{"@id":"https:\/\/equine-performance.de\/#website"},"datePublished":"2021-03-28T18:25:13+00:00","dateModified":"2022-03-21T17:14:43+00:00","breadcrumb":{"@id":"https:\/\/equine-performance.de\/custom-made\/#breadcrumb"},"inLanguage":"it-IT","potentialAction":[{"@type":"ReadAction","target":["https:\/\/equine-performance.de\/custom-made\/"]}]},{"@type":"BreadcrumbList","@id":"https:\/\/equine-performance.de\/custom-made\/#breadcrumb","itemListElement":[{"@type":"ListItem","position":1,"name":"Startseite","item":"https:\/\/equine-performance.de\/"},{"@type":"ListItem","position":2,"name":"Custom Made"}]},{"@type":"WebSite","@id":"https:\/\/equine-performance.de\/#website","url":"https:\/\/equine-performance.de\/","name":"Equine Performance","description":"Sattelverkauf &amp; Beratung vor Ort","publisher":{"@id":"https:\/\/equine-performance.de\/#organization"},"potentialAction":[{"@type":"SearchAction","target":{"@type":"EntryPoint","urlTemplate":"https:\/\/equine-performance.de\/?s={search_term_string}"},"query-input":{"@type":"PropertyValueSpecification","valueRequired":true,"valueName":"search_term_string"}}],"inLanguage":"it-IT"},{"@type":"Organization","@id":"https:\/\/equine-performance.de\/#organization","name":"Equine Performance - Saddles & Tack","url":"https:\/\/equine-performance.de\/","logo":{"@type":"ImageObject","inLanguage":"it-IT","@id":"https:\/\/equine-performance.de\/#\/schema\/logo\/image\/","url":"https:\/\/equine-performance.de\/wp-content\/uploads\/2021\/03\/Logo.jpg","contentUrl":"https:\/\/equine-performance.de\/wp-content\/uploads\/2021\/03\/Logo.jpg","width":1280,"height":1024,"caption":"Equine Performance - Saddles & Tack"},"image":{"@id":"https:\/\/equine-performance.de\/#\/schema\/logo\/image\/"},"sameAs":["https:\/\/www.facebook.com\/pages\/Equine-Performance\/767319599953971"]}]}},"_links":{"self":[{"href":"https:\/\/equine-performance.de\/it\/wp-json\/wp\/v2\/pages\/415","targetHints":{"allow":["GET"]}}],"collection":[{"href":"https:\/\/equine-performance.de\/it\/wp-json\/wp\/v2\/pages"}],"about":[{"href":"https:\/\/equine-performance.de\/it\/wp-json\/wp\/v2\/types\/page"}],"author":[{"embeddable":true,"href":"https:\/\/equine-performance.de\/it\/wp-json\/wp\/v2\/users\/1"}],"replies":[{"embeddable":true,"href":"https:\/\/equine-performance.de\/it\/wp-json\/wp\/v2\/comments?post=415"}],"version-history":[{"count":0,"href":"https:\/\/equine-performance.de\/it\/wp-json\/wp\/v2\/pages\/415\/revisions"}],"wp:attachment":[{"href":"https:\/\/equine-performance.de\/it\/wp-json\/wp\/v2\/media?parent=415"}],"curies":[{"name":"wp","href":"https:\/\/api.w.org\/{rel}","templated":true}]}}