{"id":539,"date":"2021-04-12T15:37:46","date_gmt":"2021-04-12T15:37:46","guid":{"rendered":"https:\/\/equine-performance.de\/?page_id=539"},"modified":"2022-01-22T11:23:42","modified_gmt":"2022-01-22T11:23:42","slug":"sattelanpassung","status":"publish","type":"page","link":"https:\/\/equine-performance.de\/it\/sattelanpassung\/","title":{"rendered":"Regolazione della sella"},"content":{"rendered":"<div data-elementor-type=\"wp-page\" data-elementor-id=\"539\" class=\"elementor elementor-539\" data-elementor-post-type=\"page\">\n\t\t\t\t\t\t<section class=\"elementor-section elementor-top-section elementor-element elementor-element-249fb81 elementor-section-boxed elementor-section-height-default elementor-section-height-default\" data-id=\"249fb81\" data-element_type=\"section\">\n\t\t\t\t\t\t<div class=\"elementor-container elementor-column-gap-default\">\n\t\t\t\t\t<div class=\"elementor-column elementor-col-100 elementor-top-column elementor-element elementor-element-d106656\" data-id=\"d106656\" data-element_type=\"column\">\n\t\t\t<div class=\"elementor-widget-wrap elementor-element-populated\">\n\t\t\t\t\t\t<div class=\"elementor-element elementor-element-a4c9b7a elementor-widget elementor-widget-heading\" data-id=\"a4c9b7a\" data-element_type=\"widget\" data-widget_type=\"heading.default\">\n\t\t\t\t<div class=\"elementor-widget-container\">\n\t\t\t\t\t<h1 class=\"elementor-heading-title elementor-size-default\">Regolazione della sella<\/h1>\t\t\t\t<\/div>\n\t\t\t\t<\/div>\n\t\t\t\t<section class=\"elementor-section elementor-inner-section elementor-element elementor-element-ebec571 elementor-section-boxed elementor-section-height-default elementor-section-height-default\" data-id=\"ebec571\" data-element_type=\"section\">\n\t\t\t\t\t\t<div class=\"elementor-container elementor-column-gap-default\">\n\t\t\t\t\t<div class=\"elementor-column elementor-col-50 elementor-inner-column elementor-element elementor-element-5d20f64\" data-id=\"5d20f64\" data-element_type=\"column\">\n\t\t\t<div class=\"elementor-widget-wrap elementor-element-populated\">\n\t\t\t\t\t\t<div class=\"elementor-element elementor-element-0fd3508 elementor-widget elementor-widget-gallery\" data-id=\"0fd3508\" data-element_type=\"widget\" data-settings=\"{&quot;gallery_layout&quot;:&quot;masonry&quot;,&quot;columns&quot;:2,&quot;gap&quot;:{&quot;unit&quot;:&quot;px&quot;,&quot;size&quot;:8,&quot;sizes&quot;:[]},&quot;lazyload&quot;:&quot;yes&quot;,&quot;columns_tablet&quot;:2,&quot;columns_mobile&quot;:1,&quot;gap_tablet&quot;:{&quot;unit&quot;:&quot;px&quot;,&quot;size&quot;:10,&quot;sizes&quot;:[]},&quot;gap_mobile&quot;:{&quot;unit&quot;:&quot;px&quot;,&quot;size&quot;:10,&quot;sizes&quot;:[]},&quot;link_to&quot;:&quot;file&quot;,&quot;overlay_background&quot;:&quot;yes&quot;,&quot;content_hover_animation&quot;:&quot;fade-in&quot;}\" data-widget_type=\"gallery.default\">\n\t\t\t\t<div class=\"elementor-widget-container\">\n\t\t\t\t\t\t\t<div class=\"elementor-gallery__container\">\n\t\t\t\t\t\t\t<a class=\"e-gallery-item elementor-gallery-item elementor-animated-content\" href=\"https:\/\/equine-performance.de\/wp-content\/uploads\/2021\/04\/9a02f475-e7ad-4e6b-8e95-44997a3f8b33.jpg\" data-elementor-open-lightbox=\"yes\" data-elementor-lightbox-slideshow=\"0fd3508\" data-elementor-lightbox-title=\"Sattelanpassung-1\" data-e-action-hash=\"#elementor-action%3Aaction%3Dlightbox%26settings%3DeyJpZCI6NTczLCJ1cmwiOiJodHRwczpcL1wvZXF1aW5lLXBlcmZvcm1hbmNlLmRlXC93cC1jb250ZW50XC91cGxvYWRzXC8yMDIxXC8wNFwvOWEwMmY0NzUtZTdhZC00ZTZiLThlOTUtNDQ5OTdhM2Y4YjMzLmpwZyIsInNsaWRlc2hvdyI6IjBmZDM1MDgifQ%3D%3D\">\n\t\t\t\t\t<div class=\"e-gallery-image elementor-gallery-item__image\" data-thumbnail=\"https:\/\/equine-performance.de\/wp-content\/uploads\/2021\/04\/9a02f475-e7ad-4e6b-8e95-44997a3f8b33-1536x1156.jpg\" data-width=\"1536\" data-height=\"1156\" aria-label=\"\" role=\"img\" ><\/div>\n\t\t\t\t\t\t\t\t\t\t\t<div class=\"elementor-gallery-item__overlay\"><\/div>\n\t\t\t\t\t\t\t\t\t\t\t\t\t\t<\/a>\n\t\t\t\t\t\t\t<a class=\"e-gallery-item elementor-gallery-item elementor-animated-content\" href=\"https:\/\/equine-performance.de\/wp-content\/uploads\/2021\/04\/262ab61d-7dfc-4ea3-83d2-0409d671cf83.jpg\" data-elementor-open-lightbox=\"yes\" data-elementor-lightbox-slideshow=\"0fd3508\" data-elementor-lightbox-title=\"Sattelanpassung-3\" data-e-action-hash=\"#elementor-action%3Aaction%3Dlightbox%26settings%3DeyJpZCI6NTcxLCJ1cmwiOiJodHRwczpcL1wvZXF1aW5lLXBlcmZvcm1hbmNlLmRlXC93cC1jb250ZW50XC91cGxvYWRzXC8yMDIxXC8wNFwvMjYyYWI2MWQtN2RmYy00ZWEzLTgzZDItMDQwOWQ2NzFjZjgzLmpwZyIsInNsaWRlc2hvdyI6IjBmZDM1MDgifQ%3D%3D\">\n\t\t\t\t\t<div class=\"e-gallery-image elementor-gallery-item__image\" data-thumbnail=\"https:\/\/equine-performance.de\/wp-content\/uploads\/2021\/04\/262ab61d-7dfc-4ea3-83d2-0409d671cf83-1012x1536.jpg\" data-width=\"1012\" data-height=\"1536\" aria-label=\"\" role=\"img\" ><\/div>\n\t\t\t\t\t\t\t\t\t\t\t<div class=\"elementor-gallery-item__overlay\"><\/div>\n\t\t\t\t\t\t\t\t\t\t\t\t\t\t<\/a>\n\t\t\t\t\t\t\t<a class=\"e-gallery-item elementor-gallery-item elementor-animated-content\" href=\"https:\/\/equine-performance.de\/wp-content\/uploads\/2022\/01\/9A6588C5-C799-4D70-B803-D9771618302A-scaled.jpeg\" data-elementor-open-lightbox=\"yes\" data-elementor-lightbox-slideshow=\"0fd3508\" data-elementor-lightbox-title=\"9A6588C5-C799-4D70-B803-D9771618302A\" data-e-action-hash=\"#elementor-action%3Aaction%3Dlightbox%26settings%3DeyJpZCI6OTEwLCJ1cmwiOiJodHRwczpcL1wvZXF1aW5lLXBlcmZvcm1hbmNlLmRlXC93cC1jb250ZW50XC91cGxvYWRzXC8yMDIyXC8wMVwvOUE2NTg4QzUtQzc5OS00RDcwLUI4MDMtRDk3NzE2MTgzMDJBLXNjYWxlZC5qcGVnIiwic2xpZGVzaG93IjoiMGZkMzUwOCJ9\">\n\t\t\t\t\t<div class=\"e-gallery-image elementor-gallery-item__image\" data-thumbnail=\"https:\/\/equine-performance.de\/wp-content\/uploads\/2022\/01\/9A6588C5-C799-4D70-B803-D9771618302A-1152x1536.jpeg\" data-width=\"1152\" data-height=\"1536\" aria-label=\"\" role=\"img\" ><\/div>\n\t\t\t\t\t\t\t\t\t\t\t<div class=\"elementor-gallery-item__overlay\"><\/div>\n\t\t\t\t\t\t\t\t\t\t\t\t\t\t<\/a>\n\t\t\t\t\t\t\t<a class=\"e-gallery-item elementor-gallery-item elementor-animated-content\" href=\"https:\/\/equine-performance.de\/wp-content\/uploads\/2022\/01\/3954D496-A693-4D30-AD84-8BF098B4FFE6-scaled.jpeg\" data-elementor-open-lightbox=\"yes\" data-elementor-lightbox-slideshow=\"0fd3508\" data-elementor-lightbox-title=\"3954D496-A693-4D30-AD84-8BF098B4FFE6\" data-e-action-hash=\"#elementor-action%3Aaction%3Dlightbox%26settings%3DeyJpZCI6OTExLCJ1cmwiOiJodHRwczpcL1wvZXF1aW5lLXBlcmZvcm1hbmNlLmRlXC93cC1jb250ZW50XC91cGxvYWRzXC8yMDIyXC8wMVwvMzk1NEQ0OTYtQTY5My00RDMwLUFEODQtOEJGMDk4QjRGRkU2LXNjYWxlZC5qcGVnIiwic2xpZGVzaG93IjoiMGZkMzUwOCJ9\">\n\t\t\t\t\t<div class=\"e-gallery-image elementor-gallery-item__image\" data-thumbnail=\"https:\/\/equine-performance.de\/wp-content\/uploads\/2022\/01\/3954D496-A693-4D30-AD84-8BF098B4FFE6-1536x1152.jpeg\" data-width=\"1536\" data-height=\"1152\" aria-label=\"\" role=\"img\" ><\/div>\n\t\t\t\t\t\t\t\t\t\t\t<div class=\"elementor-gallery-item__overlay\"><\/div>\n\t\t\t\t\t\t\t\t\t\t\t\t\t\t<\/a>\n\t\t\t\t\t\t\t<a class=\"e-gallery-item elementor-gallery-item elementor-animated-content\" href=\"https:\/\/equine-performance.de\/wp-content\/uploads\/2022\/01\/B9384660-2C0E-41B5-B28B-A335F644CA08-scaled.jpeg\" data-elementor-open-lightbox=\"yes\" data-elementor-lightbox-slideshow=\"0fd3508\" data-elementor-lightbox-title=\"B9384660-2C0E-41B5-B28B-A335F644CA08\" data-e-action-hash=\"#elementor-action%3Aaction%3Dlightbox%26settings%3DeyJpZCI6OTEzLCJ1cmwiOiJodHRwczpcL1wvZXF1aW5lLXBlcmZvcm1hbmNlLmRlXC93cC1jb250ZW50XC91cGxvYWRzXC8yMDIyXC8wMVwvQjkzODQ2NjAtMkMwRS00MUI1LUIyOEItQTMzNUY2NDRDQTA4LXNjYWxlZC5qcGVnIiwic2xpZGVzaG93IjoiMGZkMzUwOCJ9\">\n\t\t\t\t\t<div class=\"e-gallery-image elementor-gallery-item__image\" data-thumbnail=\"https:\/\/equine-performance.de\/wp-content\/uploads\/2022\/01\/B9384660-2C0E-41B5-B28B-A335F644CA08-1536x1152.jpeg\" data-width=\"1536\" data-height=\"1152\" aria-label=\"\" role=\"img\" ><\/div>\n\t\t\t\t\t\t\t\t\t\t\t<div class=\"elementor-gallery-item__overlay\"><\/div>\n\t\t\t\t\t\t\t\t\t\t\t\t\t\t<\/a>\n\t\t\t\t\t\t\t<a class=\"e-gallery-item elementor-gallery-item elementor-animated-content\" href=\"https:\/\/equine-performance.de\/wp-content\/uploads\/2022\/01\/IMG_1824-scaled.jpeg\" data-elementor-open-lightbox=\"yes\" data-elementor-lightbox-slideshow=\"0fd3508\" data-elementor-lightbox-title=\"IMG_1824\" data-e-action-hash=\"#elementor-action%3Aaction%3Dlightbox%26settings%3DeyJpZCI6OTI3LCJ1cmwiOiJodHRwczpcL1wvZXF1aW5lLXBlcmZvcm1hbmNlLmRlXC93cC1jb250ZW50XC91cGxvYWRzXC8yMDIyXC8wMVwvSU1HXzE4MjQtc2NhbGVkLmpwZWciLCJzbGlkZXNob3ciOiIwZmQzNTA4In0%3D\">\n\t\t\t\t\t<div class=\"e-gallery-image elementor-gallery-item__image\" data-thumbnail=\"https:\/\/equine-performance.de\/wp-content\/uploads\/2022\/01\/IMG_1824-1536x1152.jpeg\" data-width=\"1536\" data-height=\"1152\" aria-label=\"\" role=\"img\" ><\/div>\n\t\t\t\t\t\t\t\t\t\t\t<div class=\"elementor-gallery-item__overlay\"><\/div>\n\t\t\t\t\t\t\t\t\t\t\t\t\t\t<\/a>\n\t\t\t\t\t<\/div>\n\t\t\t\t\t<\/div>\n\t\t\t\t<\/div>\n\t\t\t\t\t<\/div>\n\t\t<\/div>\n\t\t\t\t<div class=\"elementor-column elementor-col-50 elementor-inner-column elementor-element elementor-element-fc533d3\" data-id=\"fc533d3\" data-element_type=\"column\">\n\t\t\t<div class=\"elementor-widget-wrap elementor-element-populated\">\n\t\t\t\t\t\t<div class=\"elementor-element elementor-element-424e8b2 elementor-widget elementor-widget-text-editor\" data-id=\"424e8b2\" data-element_type=\"widget\" data-widget_type=\"text-editor.default\">\n\t\t\t\t<div class=\"elementor-widget-container\">\n\t\t\t\t\t\t\t\t\t<ul><li>La prova della sella avviene presso la tua scuderia<\/li><li>lavoriamo su diversi alberi grezzi<\/li><li>l&#039;albero giusto viene selezionato individualmente per il cavallo<\/li><li>le diverse selle con i rispettivi alberi grezzi possono quindi essere provate<\/li><\/ul>\t\t\t\t\t\t\t\t<\/div>\n\t\t\t\t<\/div>\n\t\t\t\t\t<\/div>\n\t\t<\/div>\n\t\t\t\t\t<\/div>\n\t\t<\/section>\n\t\t\t\t\t<\/div>\n\t\t<\/div>\n\t\t\t\t\t<\/div>\n\t\t<\/section>\n\t\t\t\t<\/div>","protected":false},"excerpt":{"rendered":"<p>Sattelanpassung Sattelanprobe findet bei Ihnen am Stall statt wir arbeiten Anhand unterschiedlicher Rohb\u00e4ume der passende Baum, wird individuell f\u00fcr das Pferd ausgesucht die verschiedenen S\u00e4ttel mir den jeweiligen Rohb\u00e4umen k\u00f6nnen dann Probegeritten werden<\/p>","protected":false},"author":1,"featured_media":0,"parent":0,"menu_order":0,"comment_status":"closed","ping_status":"closed","template":"","meta":{"footnotes":""},"class_list":["post-539","page","type-page","status-publish"],"yoast_head":"<!-- This site is optimized with the Yoast SEO plugin v24.1 - https:\/\/yoast.com\/wordpress\/plugins\/seo\/ -->\n<title>Sattelanpassung - Equine Performance<\/title>\n<meta name=\"robots\" content=\"index, follow, max-snippet:-1, max-image-preview:large, max-video-preview:-1\" \/>\n<link rel=\"canonical\" href=\"https:\/\/equine-performance.de\/it\/sattelanpassung\/\" \/>\n<meta property=\"og:locale\" content=\"it_IT\" \/>\n<meta property=\"og:type\" content=\"article\" \/>\n<meta property=\"og:title\" content=\"Sattelanpassung - Equine Performance\" \/>\n<meta property=\"og:description\" content=\"Sattelanpassung Sattelanprobe findet bei Ihnen am Stall statt wir arbeiten Anhand unterschiedlicher Rohb\u00e4ume der passende Baum, wird individuell f\u00fcr das Pferd ausgesucht die verschiedenen S\u00e4ttel mir den jeweiligen Rohb\u00e4umen k\u00f6nnen dann Probegeritten werden\" \/>\n<meta property=\"og:url\" content=\"https:\/\/equine-performance.de\/it\/sattelanpassung\/\" \/>\n<meta property=\"og:site_name\" content=\"Equine Performance\" \/>\n<meta property=\"article:publisher\" content=\"https:\/\/www.facebook.com\/pages\/Equine-Performance\/767319599953971\" \/>\n<meta property=\"article:modified_time\" content=\"2022-01-22T11:23:42+00:00\" \/>\n<meta name=\"twitter:card\" content=\"summary_large_image\" \/>\n<script type=\"application\/ld+json\" class=\"yoast-schema-graph\">{\"@context\":\"https:\/\/schema.org\",\"@graph\":[{\"@type\":\"WebPage\",\"@id\":\"https:\/\/equine-performance.de\/sattelanpassung\/\",\"url\":\"https:\/\/equine-performance.de\/sattelanpassung\/\",\"name\":\"Sattelanpassung - Equine Performance\",\"isPartOf\":{\"@id\":\"https:\/\/equine-performance.de\/#website\"},\"datePublished\":\"2021-04-12T15:37:46+00:00\",\"dateModified\":\"2022-01-22T11:23:42+00:00\",\"breadcrumb\":{\"@id\":\"https:\/\/equine-performance.de\/sattelanpassung\/#breadcrumb\"},\"inLanguage\":\"it-IT\",\"potentialAction\":[{\"@type\":\"ReadAction\",\"target\":[\"https:\/\/equine-performance.de\/sattelanpassung\/\"]}]},{\"@type\":\"BreadcrumbList\",\"@id\":\"https:\/\/equine-performance.de\/sattelanpassung\/#breadcrumb\",\"itemListElement\":[{\"@type\":\"ListItem\",\"position\":1,\"name\":\"Startseite\",\"item\":\"https:\/\/equine-performance.de\/\"},{\"@type\":\"ListItem\",\"position\":2,\"name\":\"Sattelanpassung\"}]},{\"@type\":\"WebSite\",\"@id\":\"https:\/\/equine-performance.de\/#website\",\"url\":\"https:\/\/equine-performance.de\/\",\"name\":\"Equine Performance\",\"description\":\"Sattelverkauf &amp; Beratung vor Ort\",\"publisher\":{\"@id\":\"https:\/\/equine-performance.de\/#organization\"},\"potentialAction\":[{\"@type\":\"SearchAction\",\"target\":{\"@type\":\"EntryPoint\",\"urlTemplate\":\"https:\/\/equine-performance.de\/?s={search_term_string}\"},\"query-input\":{\"@type\":\"PropertyValueSpecification\",\"valueRequired\":true,\"valueName\":\"search_term_string\"}}],\"inLanguage\":\"it-IT\"},{\"@type\":\"Organization\",\"@id\":\"https:\/\/equine-performance.de\/#organization\",\"name\":\"Equine Performance - Saddles & Tack\",\"url\":\"https:\/\/equine-performance.de\/\",\"logo\":{\"@type\":\"ImageObject\",\"inLanguage\":\"it-IT\",\"@id\":\"https:\/\/equine-performance.de\/#\/schema\/logo\/image\/\",\"url\":\"https:\/\/equine-performance.de\/wp-content\/uploads\/2021\/03\/Logo.jpg\",\"contentUrl\":\"https:\/\/equine-performance.de\/wp-content\/uploads\/2021\/03\/Logo.jpg\",\"width\":1280,\"height\":1024,\"caption\":\"Equine Performance - Saddles & Tack\"},\"image\":{\"@id\":\"https:\/\/equine-performance.de\/#\/schema\/logo\/image\/\"},\"sameAs\":[\"https:\/\/www.facebook.com\/pages\/Equine-Performance\/767319599953971\"]}]}<\/script>\n<!-- \/ Yoast SEO plugin. -->","yoast_head_json":{"title":"Sattelanpassung - Equine Performance","robots":{"index":"index","follow":"follow","max-snippet":"max-snippet:-1","max-image-preview":"max-image-preview:large","max-video-preview":"max-video-preview:-1"},"canonical":"https:\/\/equine-performance.de\/it\/sattelanpassung\/","og_locale":"it_IT","og_type":"article","og_title":"Sattelanpassung - Equine Performance","og_description":"Sattelanpassung Sattelanprobe findet bei Ihnen am Stall statt wir arbeiten Anhand unterschiedlicher Rohb\u00e4ume der passende Baum, wird individuell f\u00fcr das Pferd ausgesucht die verschiedenen S\u00e4ttel mir den jeweiligen Rohb\u00e4umen k\u00f6nnen dann Probegeritten werden","og_url":"https:\/\/equine-performance.de\/it\/sattelanpassung\/","og_site_name":"Equine Performance","article_publisher":"https:\/\/www.facebook.com\/pages\/Equine-Performance\/767319599953971","article_modified_time":"2022-01-22T11:23:42+00:00","twitter_card":"summary_large_image","schema":{"@context":"https:\/\/schema.org","@graph":[{"@type":"WebPage","@id":"https:\/\/equine-performance.de\/sattelanpassung\/","url":"https:\/\/equine-performance.de\/sattelanpassung\/","name":"Sattelanpassung - Equine Performance","isPartOf":{"@id":"https:\/\/equine-performance.de\/#website"},"datePublished":"2021-04-12T15:37:46+00:00","dateModified":"2022-01-22T11:23:42+00:00","breadcrumb":{"@id":"https:\/\/equine-performance.de\/sattelanpassung\/#breadcrumb"},"inLanguage":"it-IT","potentialAction":[{"@type":"ReadAction","target":["https:\/\/equine-performance.de\/sattelanpassung\/"]}]},{"@type":"BreadcrumbList","@id":"https:\/\/equine-performance.de\/sattelanpassung\/#breadcrumb","itemListElement":[{"@type":"ListItem","position":1,"name":"Startseite","item":"https:\/\/equine-performance.de\/"},{"@type":"ListItem","position":2,"name":"Sattelanpassung"}]},{"@type":"WebSite","@id":"https:\/\/equine-performance.de\/#website","url":"https:\/\/equine-performance.de\/","name":"Equine Performance","description":"Sattelverkauf &amp; Beratung vor Ort","publisher":{"@id":"https:\/\/equine-performance.de\/#organization"},"potentialAction":[{"@type":"SearchAction","target":{"@type":"EntryPoint","urlTemplate":"https:\/\/equine-performance.de\/?s={search_term_string}"},"query-input":{"@type":"PropertyValueSpecification","valueRequired":true,"valueName":"search_term_string"}}],"inLanguage":"it-IT"},{"@type":"Organization","@id":"https:\/\/equine-performance.de\/#organization","name":"Equine Performance - Saddles & Tack","url":"https:\/\/equine-performance.de\/","logo":{"@type":"ImageObject","inLanguage":"it-IT","@id":"https:\/\/equine-performance.de\/#\/schema\/logo\/image\/","url":"https:\/\/equine-performance.de\/wp-content\/uploads\/2021\/03\/Logo.jpg","contentUrl":"https:\/\/equine-performance.de\/wp-content\/uploads\/2021\/03\/Logo.jpg","width":1280,"height":1024,"caption":"Equine Performance - Saddles & Tack"},"image":{"@id":"https:\/\/equine-performance.de\/#\/schema\/logo\/image\/"},"sameAs":["https:\/\/www.facebook.com\/pages\/Equine-Performance\/767319599953971"]}]}},"_links":{"self":[{"href":"https:\/\/equine-performance.de\/it\/wp-json\/wp\/v2\/pages\/539","targetHints":{"allow":["GET"]}}],"collection":[{"href":"https:\/\/equine-performance.de\/it\/wp-json\/wp\/v2\/pages"}],"about":[{"href":"https:\/\/equine-performance.de\/it\/wp-json\/wp\/v2\/types\/page"}],"author":[{"embeddable":true,"href":"https:\/\/equine-performance.de\/it\/wp-json\/wp\/v2\/users\/1"}],"replies":[{"embeddable":true,"href":"https:\/\/equine-performance.de\/it\/wp-json\/wp\/v2\/comments?post=539"}],"version-history":[{"count":0,"href":"https:\/\/equine-performance.de\/it\/wp-json\/wp\/v2\/pages\/539\/revisions"}],"wp:attachment":[{"href":"https:\/\/equine-performance.de\/it\/wp-json\/wp\/v2\/media?parent=539"}],"curies":[{"name":"wp","href":"https:\/\/api.w.org\/{rel}","templated":true}]}}