{"id":550,"date":"2021-04-16T13:01:16","date_gmt":"2021-04-16T13:01:16","guid":{"rendered":"https:\/\/equine-performance.de\/?page_id=550"},"modified":"2021-06-14T12:26:14","modified_gmt":"2021-06-14T12:26:14","slug":"jungpferde-programm","status":"publish","type":"page","link":"https:\/\/equine-performance.de\/it\/jungpferde-programm\/","title":{"rendered":"Giovani Cavalli Programma"},"content":{"rendered":"<div data-elementor-type=\"wp-page\" data-elementor-id=\"550\" class=\"elementor elementor-550\" data-elementor-post-type=\"page\">\n\t\t\t\t\t\t<section class=\"elementor-section elementor-top-section elementor-element elementor-element-6d865ba elementor-section-boxed elementor-section-height-default elementor-section-height-default\" data-id=\"6d865ba\" data-element_type=\"section\">\n\t\t\t\t\t\t<div class=\"elementor-container elementor-column-gap-default\">\n\t\t\t\t\t<div class=\"elementor-column elementor-col-100 elementor-top-column elementor-element elementor-element-123855d\" data-id=\"123855d\" data-element_type=\"column\">\n\t\t\t<div class=\"elementor-widget-wrap elementor-element-populated\">\n\t\t\t\t\t\t<div class=\"elementor-element elementor-element-3ae5c0a elementor-widget elementor-widget-heading\" data-id=\"3ae5c0a\" data-element_type=\"widget\" data-widget_type=\"heading.default\">\n\t\t\t\t<div class=\"elementor-widget-container\">\n\t\t\t\t\t<h1 class=\"elementor-heading-title elementor-size-default\">Giovani Cavalli Programma<\/h1>\t\t\t\t<\/div>\n\t\t\t\t<\/div>\n\t\t\t\t<div class=\"elementor-element elementor-element-a0c9e32 elementor-widget elementor-widget-text-editor\" data-id=\"a0c9e32\" data-element_type=\"widget\" data-widget_type=\"text-editor.default\">\n\t\t\t\t<div class=\"elementor-widget-container\">\n\t\t\t\t\t\t\t\t\t<p>L&#039;allevamento di un giovane cavallo \u00e8 una fase formativa che deve essere ben ponderata, soprattutto per quanto riguarda la sella e l&#039;attrezzatura.<br \/>Poich\u00e9 un cavallo giovane \u00e8 in continuo cambiamento e i suoi muscoli si sviluppano e si smuovono, con le nostre selle regolabili (barocche o western) offriamo una soluzione a lungo termine e adatta al cavallo.<br \/>Perch\u00e9 la sella pu\u00f2 sempre essere regolata individualmente e adattata alla schiena del cavallo. Una sella che pu\u00f2 \u201ccrescere\u201d con il cavallo.<\/p>\t\t\t\t\t\t\t\t<\/div>\n\t\t\t\t<\/div>\n\t\t\t\t<section class=\"elementor-section elementor-inner-section elementor-element elementor-element-cf9876c elementor-section-boxed elementor-section-height-default elementor-section-height-default\" data-id=\"cf9876c\" data-element_type=\"section\">\n\t\t\t\t\t\t<div class=\"elementor-container elementor-column-gap-default\">\n\t\t\t\t\t<div class=\"elementor-column elementor-col-50 elementor-inner-column elementor-element elementor-element-64b3876\" data-id=\"64b3876\" data-element_type=\"column\">\n\t\t\t<div class=\"elementor-widget-wrap elementor-element-populated\">\n\t\t\t\t\t\t<div class=\"elementor-element elementor-element-6cd6e73 elementor-widget elementor-widget-image\" data-id=\"6cd6e73\" data-element_type=\"widget\" data-widget_type=\"image.default\">\n\t\t\t\t<div class=\"elementor-widget-container\">\n\t\t\t\t\t\t\t\t\t\t\t\t\t\t\t<img fetchpriority=\"high\" decoding=\"async\" width=\"1024\" height=\"1024\" src=\"https:\/\/equine-performance.de\/wp-content\/uploads\/2021\/05\/JungpferdeProg-1024x1024.png\" class=\"attachment-large size-large wp-image-620\" alt=\"\" srcset=\"https:\/\/equine-performance.de\/wp-content\/uploads\/2021\/05\/JungpferdeProg-1024x1024.png 1024w, https:\/\/equine-performance.de\/wp-content\/uploads\/2021\/05\/JungpferdeProg-300x300.png 300w, https:\/\/equine-performance.de\/wp-content\/uploads\/2021\/05\/JungpferdeProg-150x150.png 150w, https:\/\/equine-performance.de\/wp-content\/uploads\/2021\/05\/JungpferdeProg-768x768.png 768w, https:\/\/equine-performance.de\/wp-content\/uploads\/2021\/05\/JungpferdeProg.png 1200w\" sizes=\"(max-width: 1024px) 100vw, 1024px\" \/>\t\t\t\t\t\t\t\t\t\t\t\t\t\t\t<\/div>\n\t\t\t\t<\/div>\n\t\t\t\t\t<\/div>\n\t\t<\/div>\n\t\t\t\t<div class=\"elementor-column elementor-col-50 elementor-inner-column elementor-element elementor-element-9988b26\" data-id=\"9988b26\" data-element_type=\"column\">\n\t\t\t<div class=\"elementor-widget-wrap elementor-element-populated\">\n\t\t\t\t\t\t<div class=\"elementor-element elementor-element-39c10d4 elementor-widget elementor-widget-text-editor\" data-id=\"39c10d4\" data-element_type=\"widget\" data-widget_type=\"text-editor.default\">\n\t\t\t\t<div class=\"elementor-widget-container\">\n\t\t\t\t\t\t\t\t\t<p>Larghezza della camera regolabile in continuo<br \/>Arcione flessibile per sella<br \/>Ottima adattabilit\u00e0<\/p><p>\u00a0<\/p>\t\t\t\t\t\t\t\t<\/div>\n\t\t\t\t<\/div>\n\t\t\t\t\t<\/div>\n\t\t<\/div>\n\t\t\t\t\t<\/div>\n\t\t<\/section>\n\t\t\t\t\t<\/div>\n\t\t<\/div>\n\t\t\t\t\t<\/div>\n\t\t<\/section>\n\t\t\t\t<\/div>","protected":false},"excerpt":{"rendered":"<p>Jungpferde Programm Der Start eines Jungpferdes ist eine pr\u00e4gende Phase, die vorallem im Hinblick auf Sattel und Equipment gut durchdacht sein sollte.Da sich gerade ein junges Pferd immer wieder ver\u00e4ndert, Muskulatur auf- und abbaut, haben wir mit unseren verstellbaren S\u00e4tteln (Barock oder Western) eine langfristige, pferdegerechte L\u00f6sung.Da der Sattel immer individuell auf den Pferder\u00fccken angepasst &#8230; <a title=\"Giovani Cavalli Programma\" class=\"read-more\" href=\"https:\/\/equine-performance.de\/it\/jungpferde-programm\/\" aria-label=\"Per saperne di pi\u00f9 su Jungpferde Programm\">Leggi tutto<\/a><\/p>","protected":false},"author":1,"featured_media":0,"parent":0,"menu_order":0,"comment_status":"closed","ping_status":"closed","template":"","meta":{"footnotes":""},"class_list":["post-550","page","type-page","status-publish"],"yoast_head":"<!-- This site is optimized with the Yoast SEO plugin v24.1 - https:\/\/yoast.com\/wordpress\/plugins\/seo\/ -->\n<title>Jungpferde Programm - Equine Performance<\/title>\n<meta name=\"robots\" content=\"index, follow, max-snippet:-1, max-image-preview:large, max-video-preview:-1\" \/>\n<link rel=\"canonical\" href=\"https:\/\/equine-performance.de\/it\/jungpferde-programm\/\" \/>\n<meta property=\"og:locale\" content=\"it_IT\" \/>\n<meta property=\"og:type\" content=\"article\" \/>\n<meta property=\"og:title\" content=\"Jungpferde Programm - Equine Performance\" \/>\n<meta property=\"og:description\" content=\"Jungpferde Programm Der Start eines Jungpferdes ist eine pr\u00e4gende Phase, die vorallem im Hinblick auf Sattel und Equipment gut durchdacht sein sollte.Da sich gerade ein junges Pferd immer wieder ver\u00e4ndert, Muskulatur auf- und abbaut, haben wir mit unseren verstellbaren S\u00e4tteln (Barock oder Western) eine langfristige, pferdegerechte L\u00f6sung.Da der Sattel immer individuell auf den Pferder\u00fccken angepasst ... Leggi tutto\" \/>\n<meta property=\"og:url\" content=\"https:\/\/equine-performance.de\/it\/jungpferde-programm\/\" \/>\n<meta property=\"og:site_name\" content=\"Equine Performance\" \/>\n<meta property=\"article:publisher\" content=\"https:\/\/www.facebook.com\/pages\/Equine-Performance\/767319599953971\" \/>\n<meta property=\"article:modified_time\" content=\"2021-06-14T12:26:14+00:00\" \/>\n<meta property=\"og:image\" content=\"https:\/\/equine-performance.de\/wp-content\/uploads\/2021\/05\/JungpferdeProg-1024x1024.png\" \/>\n<meta name=\"twitter:card\" content=\"summary_large_image\" \/>\n<script type=\"application\/ld+json\" class=\"yoast-schema-graph\">{\"@context\":\"https:\/\/schema.org\",\"@graph\":[{\"@type\":\"WebPage\",\"@id\":\"https:\/\/equine-performance.de\/jungpferde-programm\/\",\"url\":\"https:\/\/equine-performance.de\/jungpferde-programm\/\",\"name\":\"Jungpferde Programm - Equine Performance\",\"isPartOf\":{\"@id\":\"https:\/\/equine-performance.de\/#website\"},\"primaryImageOfPage\":{\"@id\":\"https:\/\/equine-performance.de\/jungpferde-programm\/#primaryimage\"},\"image\":{\"@id\":\"https:\/\/equine-performance.de\/jungpferde-programm\/#primaryimage\"},\"thumbnailUrl\":\"https:\/\/equine-performance.de\/wp-content\/uploads\/2021\/05\/JungpferdeProg-1024x1024.png\",\"datePublished\":\"2021-04-16T13:01:16+00:00\",\"dateModified\":\"2021-06-14T12:26:14+00:00\",\"breadcrumb\":{\"@id\":\"https:\/\/equine-performance.de\/jungpferde-programm\/#breadcrumb\"},\"inLanguage\":\"it-IT\",\"potentialAction\":[{\"@type\":\"ReadAction\",\"target\":[\"https:\/\/equine-performance.de\/jungpferde-programm\/\"]}]},{\"@type\":\"ImageObject\",\"inLanguage\":\"it-IT\",\"@id\":\"https:\/\/equine-performance.de\/jungpferde-programm\/#primaryimage\",\"url\":\"https:\/\/equine-performance.de\/wp-content\/uploads\/2021\/05\/JungpferdeProg-1024x1024.png\",\"contentUrl\":\"https:\/\/equine-performance.de\/wp-content\/uploads\/2021\/05\/JungpferdeProg-1024x1024.png\"},{\"@type\":\"BreadcrumbList\",\"@id\":\"https:\/\/equine-performance.de\/jungpferde-programm\/#breadcrumb\",\"itemListElement\":[{\"@type\":\"ListItem\",\"position\":1,\"name\":\"Startseite\",\"item\":\"https:\/\/equine-performance.de\/\"},{\"@type\":\"ListItem\",\"position\":2,\"name\":\"Jungpferde Programm\"}]},{\"@type\":\"WebSite\",\"@id\":\"https:\/\/equine-performance.de\/#website\",\"url\":\"https:\/\/equine-performance.de\/\",\"name\":\"Equine Performance\",\"description\":\"Sattelverkauf &amp; Beratung vor Ort\",\"publisher\":{\"@id\":\"https:\/\/equine-performance.de\/#organization\"},\"potentialAction\":[{\"@type\":\"SearchAction\",\"target\":{\"@type\":\"EntryPoint\",\"urlTemplate\":\"https:\/\/equine-performance.de\/?s={search_term_string}\"},\"query-input\":{\"@type\":\"PropertyValueSpecification\",\"valueRequired\":true,\"valueName\":\"search_term_string\"}}],\"inLanguage\":\"it-IT\"},{\"@type\":\"Organization\",\"@id\":\"https:\/\/equine-performance.de\/#organization\",\"name\":\"Equine Performance - Saddles & Tack\",\"url\":\"https:\/\/equine-performance.de\/\",\"logo\":{\"@type\":\"ImageObject\",\"inLanguage\":\"it-IT\",\"@id\":\"https:\/\/equine-performance.de\/#\/schema\/logo\/image\/\",\"url\":\"https:\/\/equine-performance.de\/wp-content\/uploads\/2021\/03\/Logo.jpg\",\"contentUrl\":\"https:\/\/equine-performance.de\/wp-content\/uploads\/2021\/03\/Logo.jpg\",\"width\":1280,\"height\":1024,\"caption\":\"Equine Performance - Saddles & Tack\"},\"image\":{\"@id\":\"https:\/\/equine-performance.de\/#\/schema\/logo\/image\/\"},\"sameAs\":[\"https:\/\/www.facebook.com\/pages\/Equine-Performance\/767319599953971\"]}]}<\/script>\n<!-- \/ Yoast SEO plugin. -->","yoast_head_json":{"title":"Jungpferde Programm - Equine Performance","robots":{"index":"index","follow":"follow","max-snippet":"max-snippet:-1","max-image-preview":"max-image-preview:large","max-video-preview":"max-video-preview:-1"},"canonical":"https:\/\/equine-performance.de\/it\/jungpferde-programm\/","og_locale":"it_IT","og_type":"article","og_title":"Jungpferde Programm - Equine Performance","og_description":"Jungpferde Programm Der Start eines Jungpferdes ist eine pr\u00e4gende Phase, die vorallem im Hinblick auf Sattel und Equipment gut durchdacht sein sollte.Da sich gerade ein junges Pferd immer wieder ver\u00e4ndert, Muskulatur auf- und abbaut, haben wir mit unseren verstellbaren S\u00e4tteln (Barock oder Western) eine langfristige, pferdegerechte L\u00f6sung.Da der Sattel immer individuell auf den Pferder\u00fccken angepasst ... Leggi tutto","og_url":"https:\/\/equine-performance.de\/it\/jungpferde-programm\/","og_site_name":"Equine Performance","article_publisher":"https:\/\/www.facebook.com\/pages\/Equine-Performance\/767319599953971","article_modified_time":"2021-06-14T12:26:14+00:00","og_image":[{"url":"https:\/\/equine-performance.de\/wp-content\/uploads\/2021\/05\/JungpferdeProg-1024x1024.png","type":"","width":"","height":""}],"twitter_card":"summary_large_image","schema":{"@context":"https:\/\/schema.org","@graph":[{"@type":"WebPage","@id":"https:\/\/equine-performance.de\/jungpferde-programm\/","url":"https:\/\/equine-performance.de\/jungpferde-programm\/","name":"Jungpferde Programm - Equine Performance","isPartOf":{"@id":"https:\/\/equine-performance.de\/#website"},"primaryImageOfPage":{"@id":"https:\/\/equine-performance.de\/jungpferde-programm\/#primaryimage"},"image":{"@id":"https:\/\/equine-performance.de\/jungpferde-programm\/#primaryimage"},"thumbnailUrl":"https:\/\/equine-performance.de\/wp-content\/uploads\/2021\/05\/JungpferdeProg-1024x1024.png","datePublished":"2021-04-16T13:01:16+00:00","dateModified":"2021-06-14T12:26:14+00:00","breadcrumb":{"@id":"https:\/\/equine-performance.de\/jungpferde-programm\/#breadcrumb"},"inLanguage":"it-IT","potentialAction":[{"@type":"ReadAction","target":["https:\/\/equine-performance.de\/jungpferde-programm\/"]}]},{"@type":"ImageObject","inLanguage":"it-IT","@id":"https:\/\/equine-performance.de\/jungpferde-programm\/#primaryimage","url":"https:\/\/equine-performance.de\/wp-content\/uploads\/2021\/05\/JungpferdeProg-1024x1024.png","contentUrl":"https:\/\/equine-performance.de\/wp-content\/uploads\/2021\/05\/JungpferdeProg-1024x1024.png"},{"@type":"BreadcrumbList","@id":"https:\/\/equine-performance.de\/jungpferde-programm\/#breadcrumb","itemListElement":[{"@type":"ListItem","position":1,"name":"Startseite","item":"https:\/\/equine-performance.de\/"},{"@type":"ListItem","position":2,"name":"Jungpferde Programm"}]},{"@type":"WebSite","@id":"https:\/\/equine-performance.de\/#website","url":"https:\/\/equine-performance.de\/","name":"Equine Performance","description":"Sattelverkauf &amp; Beratung vor Ort","publisher":{"@id":"https:\/\/equine-performance.de\/#organization"},"potentialAction":[{"@type":"SearchAction","target":{"@type":"EntryPoint","urlTemplate":"https:\/\/equine-performance.de\/?s={search_term_string}"},"query-input":{"@type":"PropertyValueSpecification","valueRequired":true,"valueName":"search_term_string"}}],"inLanguage":"it-IT"},{"@type":"Organization","@id":"https:\/\/equine-performance.de\/#organization","name":"Equine Performance - Saddles & Tack","url":"https:\/\/equine-performance.de\/","logo":{"@type":"ImageObject","inLanguage":"it-IT","@id":"https:\/\/equine-performance.de\/#\/schema\/logo\/image\/","url":"https:\/\/equine-performance.de\/wp-content\/uploads\/2021\/03\/Logo.jpg","contentUrl":"https:\/\/equine-performance.de\/wp-content\/uploads\/2021\/03\/Logo.jpg","width":1280,"height":1024,"caption":"Equine Performance - Saddles & Tack"},"image":{"@id":"https:\/\/equine-performance.de\/#\/schema\/logo\/image\/"},"sameAs":["https:\/\/www.facebook.com\/pages\/Equine-Performance\/767319599953971"]}]}},"_links":{"self":[{"href":"https:\/\/equine-performance.de\/it\/wp-json\/wp\/v2\/pages\/550","targetHints":{"allow":["GET"]}}],"collection":[{"href":"https:\/\/equine-performance.de\/it\/wp-json\/wp\/v2\/pages"}],"about":[{"href":"https:\/\/equine-performance.de\/it\/wp-json\/wp\/v2\/types\/page"}],"author":[{"embeddable":true,"href":"https:\/\/equine-performance.de\/it\/wp-json\/wp\/v2\/users\/1"}],"replies":[{"embeddable":true,"href":"https:\/\/equine-performance.de\/it\/wp-json\/wp\/v2\/comments?post=550"}],"version-history":[{"count":0,"href":"https:\/\/equine-performance.de\/it\/wp-json\/wp\/v2\/pages\/550\/revisions"}],"wp:attachment":[{"href":"https:\/\/equine-performance.de\/it\/wp-json\/wp\/v2\/media?parent=550"}],"curies":[{"name":"wp","href":"https:\/\/api.w.org\/{rel}","templated":true}]}}