{"id":79,"date":"2021-02-28T16:24:45","date_gmt":"2021-02-28T16:24:45","guid":{"rendered":"http:\/\/equine-performance.de\/?page_id=79"},"modified":"2025-02-24T18:04:46","modified_gmt":"2025-02-24T17:04:46","slug":"startseite","status":"publish","type":"page","link":"https:\/\/equine-performance.de\/it\/","title":{"rendered":"Home"},"content":{"rendered":"<div data-elementor-type=\"wp-page\" data-elementor-id=\"79\" class=\"elementor elementor-79\" data-elementor-post-type=\"page\">\n\t\t\t\t\t\t<section class=\"elementor-section elementor-top-section elementor-element elementor-element-398efcb elementor-section-full_width elementor-section-height-default elementor-section-height-default\" data-id=\"398efcb\" data-element_type=\"section\" data-settings=\"{&quot;background_background&quot;:&quot;classic&quot;}\">\n\t\t\t\t\t\t<div class=\"elementor-container elementor-column-gap-default\">\n\t\t\t\t\t<div class=\"elementor-column elementor-col-100 elementor-top-column elementor-element elementor-element-d68eb9a\" data-id=\"d68eb9a\" data-element_type=\"column\">\n\t\t\t<div class=\"elementor-widget-wrap elementor-element-populated\">\n\t\t\t\t\t\t<div class=\"elementor-element elementor-element-f9494ea elementor-hidden-desktop elementor-hidden-tablet elementor-hidden-mobile elementor-widget elementor-widget-heading\" data-id=\"f9494ea\" data-element_type=\"widget\" data-widget_type=\"heading.default\">\n\t\t\t\t<div class=\"elementor-widget-container\">\n\t\t\t\t\t<h1 class=\"elementor-heading-title elementor-size-default\">Sella di vendita, consulenza e assistenza on-site con una gamma completa di prodotti di Deuber &amp; Partner<\/h1>\t\t\t\t<\/div>\n\t\t\t\t<\/div>\n\t\t\t\t<div class=\"elementor-element elementor-element-01e96f9 elementor-hidden-desktop elementor-hidden-tablet elementor-hidden-mobile elementor-widget elementor-widget-text-editor\" data-id=\"01e96f9\" data-element_type=\"widget\" data-widget_type=\"text-editor.default\">\n\t\t\t\t<div class=\"elementor-widget-container\">\n\t\t\t\t\t\t\t\t\t<p>Benvenuti <strong>Equina Prestazioni<\/strong>, Il vostro Partner specializzato per <strong>Sella in vendita<\/strong>, <strong>Consulting &amp; Service<\/strong> e soluzioni su misura per <strong>Cavallo e cavaliere<\/strong>. Offriamo un servizio completo <strong>La gamma di prodotti di Deuber &amp; Partner<\/strong>noti per la loro lavorazione di alta qualit\u00e0, vestibilit\u00e0 perfetta e un comfort eccezionale. Il nostro <strong>Selle<\/strong> essi sono la scelta perfetta per <strong>Monta Western<\/strong>, <strong>Dressage<\/strong>, <strong>Tempo libero a cavallo<\/strong> e qualsiasi altro di equitazione, disciplina che pi\u00f9 vi piace.<\/p><p>Il nostro <strong>Sella in vendita<\/strong> include una vasta selezione <strong>Deuber &amp; Partner Selle<\/strong> per tutti equestre esigenze. Offriamo su misura, selle soluzioni per il <strong>Monta Western<\/strong>, <strong>Dressage di equitazione<\/strong>, <strong>Terreno<\/strong> e molto, molto di pi\u00f9. Ogni cavallo e ogni rider ha esigenze diverse: per questo motivo il nostro \u00e8 <strong>Servizio di consulenza<\/strong> essenziale per trovare la sella perfetta che si adatta il vostro cavallo.<\/p><p>Attraverso il nostro <strong>Regolazione della sella sul sito<\/strong> garantiamo la perfetta vestibilit\u00e0 e il massimo comfort per il cavallo e per voi. In caso di <strong>Equina Prestazioni<\/strong> a beneficio non solo dal <strong>Sella in vendita<\/strong>ma anche da una completa <strong>Sella di servizio<\/strong>che include la manutenzione e l&#039;adeguamento periodico delle apparecchiature. Il nostro <strong>Sella di servizio<\/strong> assicura che la vostra sella rimarr\u00e0 sempre nelle migliori condizioni, per offrire a voi e il vostro cavallo in un unica esperienza nell&#039;equitazione.<\/p><p><strong>Perch\u00e9 Equina Prestazioni?<\/strong><\/p><ul><li><strong>Sella in vendita<\/strong> con il completo <strong>La gamma di prodotti di Deuber &amp; Partner<\/strong> \u2013 per <strong>Monta Western<\/strong>, <strong>Dressage<\/strong>, Ricreative, equitazione, e pi\u00f9<\/li><li><strong>Consulting &amp; Service<\/strong>in ordine per voi per trovare la sella giusta per il tuo cavallo e il tuo stile di guida<\/li><li>Individuale <strong>Sella rettifiche<\/strong> sul posto, per la massima vestibilit\u00e0 e comfort<\/li><li>Professionista <strong>Sella di servizio<\/strong>al fine di mantenere la vostra attrezzatura<\/li><li>Soluzioni su misura per <strong>Cavallo e cavaliere<\/strong>la perfetta sinergia per il vostro cavallo disciplina<\/li><\/ul><p>Con ottimizzare la tua esperienza di guida <strong>Equina Prestazioni<\/strong> e l&#039;alta qualit\u00e0 <strong>Deuber &amp; Partner Selle<\/strong>. \u00c8 possibile fiducia la nostra Esperienza e riceverai <strong>consulenza individuale e di assistenza on-site<\/strong>in modo che il vostro cavallo pu\u00f2 godere dei migliori comfort. <strong>Contattaci oggi per la tua consulenza personalizzata<\/strong> scopri l&#039;intera <strong>La gamma di prodotti di Deuber &amp; Partner<\/strong>che si distingue per l&#039;alta qualit\u00e0 e una perfetta vestibilit\u00e0.<br \/>Siamo il vostro Partner per la sella per la vendita con il perfetto orientamento \u2013 ideale per cavallo e cavaliere!<\/p>\t\t\t\t\t\t\t\t<\/div>\n\t\t\t\t<\/div>\n\t\t\t\t<div class=\"elementor-element elementor-element-cf1d1db elementor-widget elementor-widget-image\" data-id=\"cf1d1db\" data-element_type=\"widget\" data-widget_type=\"image.default\">\n\t\t\t\t<div class=\"elementor-widget-container\">\n\t\t\t\t\t\t\t\t\t\t\t\t\t\t\t<img fetchpriority=\"high\" decoding=\"async\" width=\"1890\" height=\"1181\" src=\"https:\/\/equine-performance.de\/wp-content\/uploads\/2021\/03\/Startbild_eck.jpg\" class=\"attachment-2048x2048 size-2048x2048 wp-image-223\" alt=\"Equine Performance \u2013 Ihr Experte f\u00fcr S\u00e4ttel und Pferde. Wir bieten professionellen Sattelservice, pers\u00f6nliche Beratung vor Ort und hochwertige Deuber &amp; Partner S\u00e4ttel f\u00fcr Westernreiten und mehr. Perfekte Passform f\u00fcr Pferd und Reiter \u2013 jetzt informieren! Finden Sie jetzt ihren perfekten Sattel!\" srcset=\"https:\/\/equine-performance.de\/wp-content\/uploads\/2021\/03\/Startbild_eck.jpg 1890w, https:\/\/equine-performance.de\/wp-content\/uploads\/2021\/03\/Startbild_eck-300x187.jpg 300w, https:\/\/equine-performance.de\/wp-content\/uploads\/2021\/03\/Startbild_eck-1024x640.jpg 1024w, https:\/\/equine-performance.de\/wp-content\/uploads\/2021\/03\/Startbild_eck-768x480.jpg 768w, https:\/\/equine-performance.de\/wp-content\/uploads\/2021\/03\/Startbild_eck-1536x960.jpg 1536w\" sizes=\"(max-width: 1890px) 100vw, 1890px\" \/>\t\t\t\t\t\t\t\t\t\t\t\t\t\t\t<\/div>\n\t\t\t\t<\/div>\n\t\t\t\t\t<\/div>\n\t\t<\/div>\n\t\t\t\t\t<\/div>\n\t\t<\/section>\n\t\t\t\t<section class=\"elementor-section elementor-top-section elementor-element elementor-element-5230abe elementor-section-boxed elementor-section-height-default elementor-section-height-default\" data-id=\"5230abe\" data-element_type=\"section\">\n\t\t\t\t\t\t<div class=\"elementor-container elementor-column-gap-default\">\n\t\t\t\t\t<div class=\"elementor-column elementor-col-25 elementor-top-column elementor-element elementor-element-e086c9c\" data-id=\"e086c9c\" data-element_type=\"column\">\n\t\t\t<div class=\"elementor-widget-wrap\">\n\t\t\t\t\t\t\t<\/div>\n\t\t<\/div>\n\t\t\t\t<div class=\"elementor-column elementor-col-25 elementor-top-column elementor-element elementor-element-997917a\" data-id=\"997917a\" data-element_type=\"column\">\n\t\t\t<div class=\"elementor-widget-wrap\">\n\t\t\t\t\t\t\t<\/div>\n\t\t<\/div>\n\t\t\t\t<div class=\"elementor-column elementor-col-50 elementor-top-column elementor-element elementor-element-2418cdb\" data-id=\"2418cdb\" data-element_type=\"column\">\n\t\t\t<div class=\"elementor-widget-wrap\">\n\t\t\t\t\t\t\t<\/div>\n\t\t<\/div>\n\t\t\t\t\t<\/div>\n\t\t<\/section>\n\t\t\t\t<\/div>","protected":false},"excerpt":{"rendered":"<p>Sattelverkauf, Beratung &amp; Service vor Ort mit der kompletten Produktpalette von Deuber &amp; Partner Willkommen bei Equine Performance, Ihrem spezialisierten Partner f\u00fcr Sattelverkauf, Beratung &amp; Service vor Ort und ma\u00dfgeschneiderte L\u00f6sungen f\u00fcr Pferd und Reiter. Wir bieten Ihnen die komplette Produktpalette von Deuber &amp; Partner, bekannt f\u00fcr ihre hochwertige Verarbeitung, perfekte Passform und au\u00dfergew\u00f6hnlichen Komfort. &#8230; <a title=\"Home\" class=\"read-more\" href=\"https:\/\/equine-performance.de\/it\/\" aria-label=\"Per saperne di pi\u00f9 su Home\">Leggi tutto<\/a><\/p>","protected":false},"author":1,"featured_media":0,"parent":0,"menu_order":0,"comment_status":"closed","ping_status":"closed","template":"","meta":{"footnotes":""},"class_list":["post-79","page","type-page","status-publish"],"yoast_head":"<!-- This site is optimized with the Yoast SEO plugin v24.1 - https:\/\/yoast.com\/wordpress\/plugins\/seo\/ -->\n<title>Equine Performance - Western Sattelverkauf &amp; ideale Beratung!<\/title>\n<meta name=\"description\" content=\"Sattelverkauf mit Reitsport-Expertise und optimal ma\u00dfgeschneiderter Ausr\u00fcstung. Perfekte Passform, h\u00f6chster Komfort \u2013 f\u00fcr Pferd und Reiter!\" \/>\n<meta name=\"robots\" content=\"index, follow, max-snippet:-1, max-image-preview:large, max-video-preview:-1\" \/>\n<link rel=\"canonical\" href=\"https:\/\/equine-performance.de\/it\/\" \/>\n<meta property=\"og:locale\" content=\"it_IT\" \/>\n<meta property=\"og:type\" content=\"article\" \/>\n<meta property=\"og:title\" content=\"Equine Performance - Western Sattelverkauf &amp; ideale Beratung!\" \/>\n<meta property=\"og:description\" content=\"Sattelverkauf mit Reitsport-Expertise und optimal ma\u00dfgeschneiderter Ausr\u00fcstung. Perfekte Passform, h\u00f6chster Komfort \u2013 f\u00fcr Pferd und Reiter!\" \/>\n<meta property=\"og:url\" content=\"https:\/\/equine-performance.de\/it\/\" \/>\n<meta property=\"og:site_name\" content=\"Equine Performance\" \/>\n<meta property=\"article:publisher\" content=\"https:\/\/www.facebook.com\/pages\/Equine-Performance\/767319599953971\" \/>\n<meta property=\"article:modified_time\" content=\"2025-02-24T17:04:46+00:00\" \/>\n<meta property=\"og:image\" content=\"https:\/\/equine-performance.de\/wp-content\/uploads\/2021\/03\/Startbild_eck.jpg\" \/>\n<meta name=\"twitter:card\" content=\"summary_large_image\" \/>\n<meta name=\"twitter:label1\" content=\"Tempo di lettura stimato\" \/>\n\t<meta name=\"twitter:data1\" content=\"3 minuti\" \/>\n<script type=\"application\/ld+json\" class=\"yoast-schema-graph\">{\"@context\":\"https:\/\/schema.org\",\"@graph\":[{\"@type\":\"WebPage\",\"@id\":\"https:\/\/equine-performance.de\/\",\"url\":\"https:\/\/equine-performance.de\/\",\"name\":\"Equine Performance - Western Sattelverkauf & ideale Beratung!\",\"isPartOf\":{\"@id\":\"https:\/\/equine-performance.de\/#website\"},\"primaryImageOfPage\":{\"@id\":\"https:\/\/equine-performance.de\/#primaryimage\"},\"image\":{\"@id\":\"https:\/\/equine-performance.de\/#primaryimage\"},\"thumbnailUrl\":\"https:\/\/equine-performance.de\/wp-content\/uploads\/2021\/03\/Startbild_eck.jpg\",\"datePublished\":\"2021-02-28T16:24:45+00:00\",\"dateModified\":\"2025-02-24T17:04:46+00:00\",\"description\":\"Sattelverkauf mit Reitsport-Expertise und optimal ma\u00dfgeschneiderter Ausr\u00fcstung. Perfekte Passform, h\u00f6chster Komfort \u2013 f\u00fcr Pferd und Reiter!\",\"breadcrumb\":{\"@id\":\"https:\/\/equine-performance.de\/#breadcrumb\"},\"inLanguage\":\"it-IT\",\"potentialAction\":[{\"@type\":\"ReadAction\",\"target\":[\"https:\/\/equine-performance.de\/\"]}]},{\"@type\":\"ImageObject\",\"inLanguage\":\"it-IT\",\"@id\":\"https:\/\/equine-performance.de\/#primaryimage\",\"url\":\"https:\/\/equine-performance.de\/wp-content\/uploads\/2021\/03\/Startbild_eck.jpg\",\"contentUrl\":\"https:\/\/equine-performance.de\/wp-content\/uploads\/2021\/03\/Startbild_eck.jpg\"},{\"@type\":\"BreadcrumbList\",\"@id\":\"https:\/\/equine-performance.de\/#breadcrumb\",\"itemListElement\":[{\"@type\":\"ListItem\",\"position\":1,\"name\":\"Startseite\",\"item\":\"https:\/\/equine-performance.de\/\"},{\"@type\":\"ListItem\",\"position\":2,\"name\":\"Home\"}]},{\"@type\":\"WebSite\",\"@id\":\"https:\/\/equine-performance.de\/#website\",\"url\":\"https:\/\/equine-performance.de\/\",\"name\":\"Equine Performance\",\"description\":\"Sattelverkauf &amp; Beratung vor Ort\",\"publisher\":{\"@id\":\"https:\/\/equine-performance.de\/#organization\"},\"potentialAction\":[{\"@type\":\"SearchAction\",\"target\":{\"@type\":\"EntryPoint\",\"urlTemplate\":\"https:\/\/equine-performance.de\/?s={search_term_string}\"},\"query-input\":{\"@type\":\"PropertyValueSpecification\",\"valueRequired\":true,\"valueName\":\"search_term_string\"}}],\"inLanguage\":\"it-IT\"},{\"@type\":\"Organization\",\"@id\":\"https:\/\/equine-performance.de\/#organization\",\"name\":\"Equine Performance - Saddles & Tack\",\"url\":\"https:\/\/equine-performance.de\/\",\"logo\":{\"@type\":\"ImageObject\",\"inLanguage\":\"it-IT\",\"@id\":\"https:\/\/equine-performance.de\/#\/schema\/logo\/image\/\",\"url\":\"https:\/\/equine-performance.de\/wp-content\/uploads\/2021\/03\/Logo.jpg\",\"contentUrl\":\"https:\/\/equine-performance.de\/wp-content\/uploads\/2021\/03\/Logo.jpg\",\"width\":1280,\"height\":1024,\"caption\":\"Equine Performance - Saddles & Tack\"},\"image\":{\"@id\":\"https:\/\/equine-performance.de\/#\/schema\/logo\/image\/\"},\"sameAs\":[\"https:\/\/www.facebook.com\/pages\/Equine-Performance\/767319599953971\"]}]}<\/script>\n<!-- \/ Yoast SEO plugin. -->","yoast_head_json":{"title":"Equine Performance - Western Sattelverkauf & ideale Beratung!","description":"Sattelverkauf mit Reitsport-Expertise und optimal ma\u00dfgeschneiderter Ausr\u00fcstung. Perfekte Passform, h\u00f6chster Komfort \u2013 f\u00fcr Pferd und Reiter!","robots":{"index":"index","follow":"follow","max-snippet":"max-snippet:-1","max-image-preview":"max-image-preview:large","max-video-preview":"max-video-preview:-1"},"canonical":"https:\/\/equine-performance.de\/it\/","og_locale":"it_IT","og_type":"article","og_title":"Equine Performance - Western Sattelverkauf & ideale Beratung!","og_description":"Sattelverkauf mit Reitsport-Expertise und optimal ma\u00dfgeschneiderter Ausr\u00fcstung. Perfekte Passform, h\u00f6chster Komfort \u2013 f\u00fcr Pferd und Reiter!","og_url":"https:\/\/equine-performance.de\/it\/","og_site_name":"Equine Performance","article_publisher":"https:\/\/www.facebook.com\/pages\/Equine-Performance\/767319599953971","article_modified_time":"2025-02-24T17:04:46+00:00","og_image":[{"url":"https:\/\/equine-performance.de\/wp-content\/uploads\/2021\/03\/Startbild_eck.jpg","type":"","width":"","height":""}],"twitter_card":"summary_large_image","twitter_misc":{"Tempo di lettura stimato":"3 minuti"},"schema":{"@context":"https:\/\/schema.org","@graph":[{"@type":"WebPage","@id":"https:\/\/equine-performance.de\/","url":"https:\/\/equine-performance.de\/","name":"Equine Performance - Western Sattelverkauf & ideale Beratung!","isPartOf":{"@id":"https:\/\/equine-performance.de\/#website"},"primaryImageOfPage":{"@id":"https:\/\/equine-performance.de\/#primaryimage"},"image":{"@id":"https:\/\/equine-performance.de\/#primaryimage"},"thumbnailUrl":"https:\/\/equine-performance.de\/wp-content\/uploads\/2021\/03\/Startbild_eck.jpg","datePublished":"2021-02-28T16:24:45+00:00","dateModified":"2025-02-24T17:04:46+00:00","description":"Sattelverkauf mit Reitsport-Expertise und optimal ma\u00dfgeschneiderter Ausr\u00fcstung. Perfekte Passform, h\u00f6chster Komfort \u2013 f\u00fcr Pferd und Reiter!","breadcrumb":{"@id":"https:\/\/equine-performance.de\/#breadcrumb"},"inLanguage":"it-IT","potentialAction":[{"@type":"ReadAction","target":["https:\/\/equine-performance.de\/"]}]},{"@type":"ImageObject","inLanguage":"it-IT","@id":"https:\/\/equine-performance.de\/#primaryimage","url":"https:\/\/equine-performance.de\/wp-content\/uploads\/2021\/03\/Startbild_eck.jpg","contentUrl":"https:\/\/equine-performance.de\/wp-content\/uploads\/2021\/03\/Startbild_eck.jpg"},{"@type":"BreadcrumbList","@id":"https:\/\/equine-performance.de\/#breadcrumb","itemListElement":[{"@type":"ListItem","position":1,"name":"Startseite","item":"https:\/\/equine-performance.de\/"},{"@type":"ListItem","position":2,"name":"Home"}]},{"@type":"WebSite","@id":"https:\/\/equine-performance.de\/#website","url":"https:\/\/equine-performance.de\/","name":"Equine Performance","description":"Sattelverkauf &amp; Beratung vor Ort","publisher":{"@id":"https:\/\/equine-performance.de\/#organization"},"potentialAction":[{"@type":"SearchAction","target":{"@type":"EntryPoint","urlTemplate":"https:\/\/equine-performance.de\/?s={search_term_string}"},"query-input":{"@type":"PropertyValueSpecification","valueRequired":true,"valueName":"search_term_string"}}],"inLanguage":"it-IT"},{"@type":"Organization","@id":"https:\/\/equine-performance.de\/#organization","name":"Equine Performance - Saddles & Tack","url":"https:\/\/equine-performance.de\/","logo":{"@type":"ImageObject","inLanguage":"it-IT","@id":"https:\/\/equine-performance.de\/#\/schema\/logo\/image\/","url":"https:\/\/equine-performance.de\/wp-content\/uploads\/2021\/03\/Logo.jpg","contentUrl":"https:\/\/equine-performance.de\/wp-content\/uploads\/2021\/03\/Logo.jpg","width":1280,"height":1024,"caption":"Equine Performance - Saddles & Tack"},"image":{"@id":"https:\/\/equine-performance.de\/#\/schema\/logo\/image\/"},"sameAs":["https:\/\/www.facebook.com\/pages\/Equine-Performance\/767319599953971"]}]}},"_links":{"self":[{"href":"https:\/\/equine-performance.de\/it\/wp-json\/wp\/v2\/pages\/79","targetHints":{"allow":["GET"]}}],"collection":[{"href":"https:\/\/equine-performance.de\/it\/wp-json\/wp\/v2\/pages"}],"about":[{"href":"https:\/\/equine-performance.de\/it\/wp-json\/wp\/v2\/types\/page"}],"author":[{"embeddable":true,"href":"https:\/\/equine-performance.de\/it\/wp-json\/wp\/v2\/users\/1"}],"replies":[{"embeddable":true,"href":"https:\/\/equine-performance.de\/it\/wp-json\/wp\/v2\/comments?post=79"}],"version-history":[{"count":0,"href":"https:\/\/equine-performance.de\/it\/wp-json\/wp\/v2\/pages\/79\/revisions"}],"wp:attachment":[{"href":"https:\/\/equine-performance.de\/it\/wp-json\/wp\/v2\/media?parent=79"}],"curies":[{"name":"wp","href":"https:\/\/api.w.org\/{rel}","templated":true}]}}