{"id":881,"date":"2022-01-20T17:37:02","date_gmt":"2022-01-20T17:37:02","guid":{"rendered":"https:\/\/equine-performance.de\/?page_id=881"},"modified":"2022-01-20T17:51:19","modified_gmt":"2022-01-20T17:51:19","slug":"leson-security-blanket","status":"publish","type":"page","link":"https:\/\/equine-performance.de\/it\/leson-security-blanket\/","title":{"rendered":"Leson Security Blanket"},"content":{"rendered":"<div data-elementor-type=\"wp-page\" data-elementor-id=\"881\" class=\"elementor elementor-881\" data-elementor-post-type=\"page\">\n\t\t\t\t\t\t<section class=\"elementor-section elementor-top-section elementor-element elementor-element-61337378 elementor-section-boxed elementor-section-height-default elementor-section-height-default\" data-id=\"61337378\" data-element_type=\"section\">\n\t\t\t\t\t\t<div class=\"elementor-container elementor-column-gap-default\">\n\t\t\t\t\t<div class=\"elementor-column elementor-col-100 elementor-top-column elementor-element elementor-element-3f02c032\" data-id=\"3f02c032\" data-element_type=\"column\">\n\t\t\t<div class=\"elementor-widget-wrap elementor-element-populated\">\n\t\t\t\t\t\t<div class=\"elementor-element elementor-element-1afb8c98 elementor-widget elementor-widget-heading\" data-id=\"1afb8c98\" data-element_type=\"widget\" data-widget_type=\"heading.default\">\n\t\t\t\t<div class=\"elementor-widget-container\">\n\t\t\t\t\t<h1 class=\"elementor-heading-title elementor-size-default\">Donn Leson Security Blanket<\/h1>\t\t\t\t<\/div>\n\t\t\t\t<\/div>\n\t\t\t\t<section class=\"elementor-section elementor-inner-section elementor-element elementor-element-f40bcbb elementor-section-boxed elementor-section-height-default elementor-section-height-default\" data-id=\"f40bcbb\" data-element_type=\"section\">\n\t\t\t\t\t\t<div class=\"elementor-container elementor-column-gap-default\">\n\t\t\t\t\t<div class=\"elementor-column elementor-col-50 elementor-inner-column elementor-element elementor-element-19465bc\" data-id=\"19465bc\" data-element_type=\"column\">\n\t\t\t<div class=\"elementor-widget-wrap elementor-element-populated\">\n\t\t\t\t\t\t<div class=\"elementor-element elementor-element-a7db481 elementor-widget elementor-widget-image\" data-id=\"a7db481\" data-element_type=\"widget\" data-widget_type=\"image.default\">\n\t\t\t\t<div class=\"elementor-widget-container\">\n\t\t\t\t\t\t\t\t\t\t\t\t\t\t\t<img fetchpriority=\"high\" decoding=\"async\" width=\"1024\" height=\"651\" src=\"https:\/\/equine-performance.de\/wp-content\/uploads\/2022\/01\/99409b20-1b70-4947-b0bf-195a0a45c807-1024x651.jpeg\" class=\"attachment-large size-large wp-image-917\" alt=\"\" srcset=\"https:\/\/equine-performance.de\/wp-content\/uploads\/2022\/01\/99409b20-1b70-4947-b0bf-195a0a45c807-1024x651.jpeg 1024w, https:\/\/equine-performance.de\/wp-content\/uploads\/2022\/01\/99409b20-1b70-4947-b0bf-195a0a45c807-300x191.jpeg 300w, https:\/\/equine-performance.de\/wp-content\/uploads\/2022\/01\/99409b20-1b70-4947-b0bf-195a0a45c807-768x488.jpeg 768w, https:\/\/equine-performance.de\/wp-content\/uploads\/2022\/01\/99409b20-1b70-4947-b0bf-195a0a45c807-1536x977.jpeg 1536w, https:\/\/equine-performance.de\/wp-content\/uploads\/2022\/01\/99409b20-1b70-4947-b0bf-195a0a45c807.jpeg 2048w\" sizes=\"(max-width: 1024px) 100vw, 1024px\" \/>\t\t\t\t\t\t\t\t\t\t\t\t\t\t\t<\/div>\n\t\t\t\t<\/div>\n\t\t\t\t\t<\/div>\n\t\t<\/div>\n\t\t\t\t<div class=\"elementor-column elementor-col-50 elementor-inner-column elementor-element elementor-element-53ea157\" data-id=\"53ea157\" data-element_type=\"column\">\n\t\t\t<div class=\"elementor-widget-wrap elementor-element-populated\">\n\t\t\t\t\t\t<div class=\"elementor-element elementor-element-8e31e1b elementor-widget elementor-widget-image\" data-id=\"8e31e1b\" data-element_type=\"widget\" data-widget_type=\"image.default\">\n\t\t\t\t<div class=\"elementor-widget-container\">\n\t\t\t\t\t\t\t\t\t\t\t\t\t\t\t<img decoding=\"async\" width=\"1024\" height=\"608\" src=\"https:\/\/equine-performance.de\/wp-content\/uploads\/2022\/01\/b6db905d-94ed-4c58-a942-c1fa43cd8ccd-1024x608.jpeg\" class=\"attachment-large size-large wp-image-918\" alt=\"\" srcset=\"https:\/\/equine-performance.de\/wp-content\/uploads\/2022\/01\/b6db905d-94ed-4c58-a942-c1fa43cd8ccd-1024x608.jpeg 1024w, https:\/\/equine-performance.de\/wp-content\/uploads\/2022\/01\/b6db905d-94ed-4c58-a942-c1fa43cd8ccd-300x178.jpeg 300w, https:\/\/equine-performance.de\/wp-content\/uploads\/2022\/01\/b6db905d-94ed-4c58-a942-c1fa43cd8ccd-768x456.jpeg 768w, https:\/\/equine-performance.de\/wp-content\/uploads\/2022\/01\/b6db905d-94ed-4c58-a942-c1fa43cd8ccd-1536x912.jpeg 1536w, https:\/\/equine-performance.de\/wp-content\/uploads\/2022\/01\/b6db905d-94ed-4c58-a942-c1fa43cd8ccd.jpeg 2048w\" sizes=\"(max-width: 1024px) 100vw, 1024px\" \/>\t\t\t\t\t\t\t\t\t\t\t\t\t\t\t<\/div>\n\t\t\t\t<\/div>\n\t\t\t\t\t<\/div>\n\t\t<\/div>\n\t\t\t\t\t<\/div>\n\t\t<\/section>\n\t\t\t\t<div class=\"elementor-element elementor-element-9e1678f elementor-widget elementor-widget-text-editor\" data-id=\"9e1678f\" data-element_type=\"widget\" data-widget_type=\"text-editor.default\">\n\t\t\t\t<div class=\"elementor-widget-container\">\n\t\t\t\t\t\t\t\t\t<p>Grazie al suo esclusivo sistema Channel Air, la coperta di sicurezza Leson \u00e8 super leggera, aderente, antiscivolo e offre il massimo livello di protezione necessario per mantenere il tuo cavallo sano, felice e libero dai principali punti di pressione.<\/p><p>L&#039;esclusivo sistema Channel-Air consente all&#039;aria di circolare e fuoriuscire attraverso il canale superiore. Grazie alla dissipazione del calore e dell&#039;umidit\u00e0, l&#039;accumulo di calore \u00e8 ormai un ricordo del passato. La coperta mantiene la schiena del cavallo fresca e confortevole. La parte inferiore della coperta di sicurezza Donn Leson \u00e8 ipoallergenica, lavabile e quindi completamente sicura per l&#039;uso su molti tipi di cavalli.<\/p><p>Materiali di alta qualit\u00e0 &#034;made in USA&#034;<\/p><p>Il fondo \u00e8 in EVA termoformato ipoallergenico e approvato dalla FDA.\u00a0<\/p><p>EVA \u00e8 coinvolta nella produzione delle scarpe da running pi\u00f9 avanzate al mondo. Questa combinazione di materiali \u00e8 preferita per la sua superiore capacit\u00e0 di ammortizzazione, l&#039;incredibile leggerezza e l&#039;adattabilit\u00e0.\u00a0<\/p><p>La tomaia \u00e8 realizzata in pregiata pelle scamosciata sintetica, che non solo ha un bell&#039;aspetto ma \u00e8 anche molto resistente. I materiali di alta qualit\u00e0, il design Channel Air e la zona rinforzata nella superficie di contatto dell&#039;arcione rendono la coperta Scurity uno strumento unico che, una volta utilizzato, \u00e8 indispensabile.<\/p><p>La coperta di sicurezza Donn Leson \u00e8 ideale anche come sottosella sotto una semplice coperta da esposizione o come primo strato se il cavallo necessita di un sottosella in feltro pi\u00f9 spesso.<\/p>\t\t\t\t\t\t\t\t<\/div>\n\t\t\t\t<\/div>\n\t\t\t\t\t<\/div>\n\t\t<\/div>\n\t\t\t\t\t<\/div>\n\t\t<\/section>\n\t\t\t\t<\/div>","protected":false},"excerpt":{"rendered":"<p>Donn Leson Security Blanket Mit seinem einzigartigen Channel-Air-System ist das\u00a0Leson Security Blanket superleicht, enganliegend, rutschfest und bietet den h\u00f6chsten Schutz, der ben\u00f6tigt wird damit Ihr Pferd gesund, gl\u00fccklich und frei von gr\u00f6\u00dferen Druckstellen bleibt. Durch das einzigartige Channel-Air System\u00a0kann die Luft zirkulieren und durch den oberen Kanal entweichen. Durch die W\u00e4rme- und Feuchtigkeitsableitung geh\u00f6ren Hitzestaus &#8230; <a title=\"Leson Security Blanket\" class=\"read-more\" href=\"https:\/\/equine-performance.de\/it\/leson-security-blanket\/\" aria-label=\"Per saperne di pi\u00f9 su Leson Security Blanket\">Leggi tutto<\/a><\/p>","protected":false},"author":1,"featured_media":0,"parent":0,"menu_order":0,"comment_status":"closed","ping_status":"closed","template":"","meta":{"footnotes":""},"class_list":["post-881","page","type-page","status-publish"],"yoast_head":"<!-- This site is optimized with the Yoast SEO plugin v24.1 - https:\/\/yoast.com\/wordpress\/plugins\/seo\/ -->\n<title>Leson Security Blanket - Equine Performance<\/title>\n<meta name=\"robots\" content=\"index, follow, max-snippet:-1, max-image-preview:large, max-video-preview:-1\" \/>\n<link rel=\"canonical\" href=\"https:\/\/equine-performance.de\/it\/leson-security-blanket\/\" \/>\n<meta property=\"og:locale\" content=\"it_IT\" \/>\n<meta property=\"og:type\" content=\"article\" \/>\n<meta property=\"og:title\" content=\"Leson Security Blanket - Equine Performance\" \/>\n<meta property=\"og:description\" content=\"Donn Leson Security Blanket Mit seinem einzigartigen Channel-Air-System ist das\u00a0Leson Security Blanket superleicht, enganliegend, rutschfest und bietet den h\u00f6chsten Schutz, der ben\u00f6tigt wird damit Ihr Pferd gesund, gl\u00fccklich und frei von gr\u00f6\u00dferen Druckstellen bleibt. Durch das einzigartige Channel-Air System\u00a0kann die Luft zirkulieren und durch den oberen Kanal entweichen. Durch die W\u00e4rme- und Feuchtigkeitsableitung geh\u00f6ren Hitzestaus ... Leggi tutto\" \/>\n<meta property=\"og:url\" content=\"https:\/\/equine-performance.de\/it\/leson-security-blanket\/\" \/>\n<meta property=\"og:site_name\" content=\"Equine Performance\" \/>\n<meta property=\"article:publisher\" content=\"https:\/\/www.facebook.com\/pages\/Equine-Performance\/767319599953971\" \/>\n<meta property=\"article:modified_time\" content=\"2022-01-20T17:51:19+00:00\" \/>\n<meta property=\"og:image\" content=\"https:\/\/equine-performance.de\/wp-content\/uploads\/2022\/01\/99409b20-1b70-4947-b0bf-195a0a45c807-1024x651.jpeg\" \/>\n<meta name=\"twitter:card\" content=\"summary_large_image\" \/>\n<meta name=\"twitter:label1\" content=\"Tempo di lettura stimato\" \/>\n\t<meta name=\"twitter:data1\" content=\"1 minuto\" \/>\n<script type=\"application\/ld+json\" class=\"yoast-schema-graph\">{\"@context\":\"https:\/\/schema.org\",\"@graph\":[{\"@type\":\"WebPage\",\"@id\":\"https:\/\/equine-performance.de\/leson-security-blanket\/\",\"url\":\"https:\/\/equine-performance.de\/leson-security-blanket\/\",\"name\":\"Leson Security Blanket - Equine Performance\",\"isPartOf\":{\"@id\":\"https:\/\/equine-performance.de\/#website\"},\"primaryImageOfPage\":{\"@id\":\"https:\/\/equine-performance.de\/leson-security-blanket\/#primaryimage\"},\"image\":{\"@id\":\"https:\/\/equine-performance.de\/leson-security-blanket\/#primaryimage\"},\"thumbnailUrl\":\"https:\/\/equine-performance.de\/wp-content\/uploads\/2022\/01\/99409b20-1b70-4947-b0bf-195a0a45c807-1024x651.jpeg\",\"datePublished\":\"2022-01-20T17:37:02+00:00\",\"dateModified\":\"2022-01-20T17:51:19+00:00\",\"breadcrumb\":{\"@id\":\"https:\/\/equine-performance.de\/leson-security-blanket\/#breadcrumb\"},\"inLanguage\":\"it-IT\",\"potentialAction\":[{\"@type\":\"ReadAction\",\"target\":[\"https:\/\/equine-performance.de\/leson-security-blanket\/\"]}]},{\"@type\":\"ImageObject\",\"inLanguage\":\"it-IT\",\"@id\":\"https:\/\/equine-performance.de\/leson-security-blanket\/#primaryimage\",\"url\":\"https:\/\/equine-performance.de\/wp-content\/uploads\/2022\/01\/99409b20-1b70-4947-b0bf-195a0a45c807-1024x651.jpeg\",\"contentUrl\":\"https:\/\/equine-performance.de\/wp-content\/uploads\/2022\/01\/99409b20-1b70-4947-b0bf-195a0a45c807-1024x651.jpeg\"},{\"@type\":\"BreadcrumbList\",\"@id\":\"https:\/\/equine-performance.de\/leson-security-blanket\/#breadcrumb\",\"itemListElement\":[{\"@type\":\"ListItem\",\"position\":1,\"name\":\"Startseite\",\"item\":\"https:\/\/equine-performance.de\/\"},{\"@type\":\"ListItem\",\"position\":2,\"name\":\"Leson Security Blanket\"}]},{\"@type\":\"WebSite\",\"@id\":\"https:\/\/equine-performance.de\/#website\",\"url\":\"https:\/\/equine-performance.de\/\",\"name\":\"Equine Performance\",\"description\":\"Sattelverkauf &amp; Beratung vor Ort\",\"publisher\":{\"@id\":\"https:\/\/equine-performance.de\/#organization\"},\"potentialAction\":[{\"@type\":\"SearchAction\",\"target\":{\"@type\":\"EntryPoint\",\"urlTemplate\":\"https:\/\/equine-performance.de\/?s={search_term_string}\"},\"query-input\":{\"@type\":\"PropertyValueSpecification\",\"valueRequired\":true,\"valueName\":\"search_term_string\"}}],\"inLanguage\":\"it-IT\"},{\"@type\":\"Organization\",\"@id\":\"https:\/\/equine-performance.de\/#organization\",\"name\":\"Equine Performance - Saddles & Tack\",\"url\":\"https:\/\/equine-performance.de\/\",\"logo\":{\"@type\":\"ImageObject\",\"inLanguage\":\"it-IT\",\"@id\":\"https:\/\/equine-performance.de\/#\/schema\/logo\/image\/\",\"url\":\"https:\/\/equine-performance.de\/wp-content\/uploads\/2021\/03\/Logo.jpg\",\"contentUrl\":\"https:\/\/equine-performance.de\/wp-content\/uploads\/2021\/03\/Logo.jpg\",\"width\":1280,\"height\":1024,\"caption\":\"Equine Performance - Saddles & Tack\"},\"image\":{\"@id\":\"https:\/\/equine-performance.de\/#\/schema\/logo\/image\/\"},\"sameAs\":[\"https:\/\/www.facebook.com\/pages\/Equine-Performance\/767319599953971\"]}]}<\/script>\n<!-- \/ Yoast SEO plugin. -->","yoast_head_json":{"title":"Leson Security Blanket - Equine Performance","robots":{"index":"index","follow":"follow","max-snippet":"max-snippet:-1","max-image-preview":"max-image-preview:large","max-video-preview":"max-video-preview:-1"},"canonical":"https:\/\/equine-performance.de\/it\/leson-security-blanket\/","og_locale":"it_IT","og_type":"article","og_title":"Leson Security Blanket - Equine Performance","og_description":"Donn Leson Security Blanket Mit seinem einzigartigen Channel-Air-System ist das\u00a0Leson Security Blanket superleicht, enganliegend, rutschfest und bietet den h\u00f6chsten Schutz, der ben\u00f6tigt wird damit Ihr Pferd gesund, gl\u00fccklich und frei von gr\u00f6\u00dferen Druckstellen bleibt. Durch das einzigartige Channel-Air System\u00a0kann die Luft zirkulieren und durch den oberen Kanal entweichen. Durch die W\u00e4rme- und Feuchtigkeitsableitung geh\u00f6ren Hitzestaus ... Leggi tutto","og_url":"https:\/\/equine-performance.de\/it\/leson-security-blanket\/","og_site_name":"Equine Performance","article_publisher":"https:\/\/www.facebook.com\/pages\/Equine-Performance\/767319599953971","article_modified_time":"2022-01-20T17:51:19+00:00","og_image":[{"url":"https:\/\/equine-performance.de\/wp-content\/uploads\/2022\/01\/99409b20-1b70-4947-b0bf-195a0a45c807-1024x651.jpeg","type":"","width":"","height":""}],"twitter_card":"summary_large_image","twitter_misc":{"Tempo di lettura stimato":"1 minuto"},"schema":{"@context":"https:\/\/schema.org","@graph":[{"@type":"WebPage","@id":"https:\/\/equine-performance.de\/leson-security-blanket\/","url":"https:\/\/equine-performance.de\/leson-security-blanket\/","name":"Leson Security Blanket - Equine Performance","isPartOf":{"@id":"https:\/\/equine-performance.de\/#website"},"primaryImageOfPage":{"@id":"https:\/\/equine-performance.de\/leson-security-blanket\/#primaryimage"},"image":{"@id":"https:\/\/equine-performance.de\/leson-security-blanket\/#primaryimage"},"thumbnailUrl":"https:\/\/equine-performance.de\/wp-content\/uploads\/2022\/01\/99409b20-1b70-4947-b0bf-195a0a45c807-1024x651.jpeg","datePublished":"2022-01-20T17:37:02+00:00","dateModified":"2022-01-20T17:51:19+00:00","breadcrumb":{"@id":"https:\/\/equine-performance.de\/leson-security-blanket\/#breadcrumb"},"inLanguage":"it-IT","potentialAction":[{"@type":"ReadAction","target":["https:\/\/equine-performance.de\/leson-security-blanket\/"]}]},{"@type":"ImageObject","inLanguage":"it-IT","@id":"https:\/\/equine-performance.de\/leson-security-blanket\/#primaryimage","url":"https:\/\/equine-performance.de\/wp-content\/uploads\/2022\/01\/99409b20-1b70-4947-b0bf-195a0a45c807-1024x651.jpeg","contentUrl":"https:\/\/equine-performance.de\/wp-content\/uploads\/2022\/01\/99409b20-1b70-4947-b0bf-195a0a45c807-1024x651.jpeg"},{"@type":"BreadcrumbList","@id":"https:\/\/equine-performance.de\/leson-security-blanket\/#breadcrumb","itemListElement":[{"@type":"ListItem","position":1,"name":"Startseite","item":"https:\/\/equine-performance.de\/"},{"@type":"ListItem","position":2,"name":"Leson Security Blanket"}]},{"@type":"WebSite","@id":"https:\/\/equine-performance.de\/#website","url":"https:\/\/equine-performance.de\/","name":"Equine Performance","description":"Sattelverkauf &amp; Beratung vor Ort","publisher":{"@id":"https:\/\/equine-performance.de\/#organization"},"potentialAction":[{"@type":"SearchAction","target":{"@type":"EntryPoint","urlTemplate":"https:\/\/equine-performance.de\/?s={search_term_string}"},"query-input":{"@type":"PropertyValueSpecification","valueRequired":true,"valueName":"search_term_string"}}],"inLanguage":"it-IT"},{"@type":"Organization","@id":"https:\/\/equine-performance.de\/#organization","name":"Equine Performance - Saddles & Tack","url":"https:\/\/equine-performance.de\/","logo":{"@type":"ImageObject","inLanguage":"it-IT","@id":"https:\/\/equine-performance.de\/#\/schema\/logo\/image\/","url":"https:\/\/equine-performance.de\/wp-content\/uploads\/2021\/03\/Logo.jpg","contentUrl":"https:\/\/equine-performance.de\/wp-content\/uploads\/2021\/03\/Logo.jpg","width":1280,"height":1024,"caption":"Equine Performance - Saddles & Tack"},"image":{"@id":"https:\/\/equine-performance.de\/#\/schema\/logo\/image\/"},"sameAs":["https:\/\/www.facebook.com\/pages\/Equine-Performance\/767319599953971"]}]}},"_links":{"self":[{"href":"https:\/\/equine-performance.de\/it\/wp-json\/wp\/v2\/pages\/881","targetHints":{"allow":["GET"]}}],"collection":[{"href":"https:\/\/equine-performance.de\/it\/wp-json\/wp\/v2\/pages"}],"about":[{"href":"https:\/\/equine-performance.de\/it\/wp-json\/wp\/v2\/types\/page"}],"author":[{"embeddable":true,"href":"https:\/\/equine-performance.de\/it\/wp-json\/wp\/v2\/users\/1"}],"replies":[{"embeddable":true,"href":"https:\/\/equine-performance.de\/it\/wp-json\/wp\/v2\/comments?post=881"}],"version-history":[{"count":0,"href":"https:\/\/equine-performance.de\/it\/wp-json\/wp\/v2\/pages\/881\/revisions"}],"wp:attachment":[{"href":"https:\/\/equine-performance.de\/it\/wp-json\/wp\/v2\/media?parent=881"}],"curies":[{"name":"wp","href":"https:\/\/api.w.org\/{rel}","templated":true}]}}